{"id":31711,"date":"2026-04-09T16:30:26","date_gmt":"2026-04-09T16:30:26","guid":{"rendered":"https:\/\/rollcap.store\/product\/cecotec-cremmaet-latte-touch-kaffeevollautomat-19-bar-thermoblock-12-getranke-4-profile-wasser-1-1-l-und-400-ml-milch-tft-display-konische-muhle-automatische-reinigung-hohenverstellbar\/"},"modified":"2026-04-09T16:30:26","modified_gmt":"2026-04-09T16:30:26","slug":"cecotec-cremmaet-latte-touch-kaffeevollautomat-19-bar-thermoblock-12-getranke-4-profile-wasser-1-1-l-und-400-ml-milch-tft-display-konische-muhle-automatische-reinigung-hohenverstellbar","status":"publish","type":"product","link":"https:\/\/rollcap.store\/en\/product\/cecotec-cremmaet-latte-touch-kaffeevollautomat-19-bar-thermoblock-12-getranke-4-profile-wasser-1-1-l-und-400-ml-milch-tft-display-konische-muhle-automatische-reinigung-hohenverstellbar\/","title":{"rendered":"Cecotec Cremmaet Latte Touch Kaffeevollautomat, 19 bar, 12 Getr\u00e4nke, 4 Profile, TFT-Display, konische M\u00fchle, automatische Reinigung"},"content":{"rendered":"<p><strong>Product Overview<\/strong><\/p>\n<ul>\n<li>\n<strong>Marke:<\/strong> Cecotec<\/li>\n<li>\n<strong>Kapazit\u00e4t:<\/strong> 1,1 Liter<\/li>\n<li>\n<strong>Farbe:<\/strong> Schwarz<\/li>\n<li>\n<strong>Produktabmessungen:<\/strong> 40,5T x 19B x 34H cm<\/li>\n<li>\n<strong>Besonderes Merkmal:<\/strong> Automatische Abschaltung, Automatische Reinigung, Programmierbar<\/li>\n<\/ul>\n<p><strong>Product Features<\/strong><\/p>\n<ul>\n<li>Der kompakte Superautomat bereitet Espresso und Amerikaner dank Plug&#038;Play auf Knopfdruck frisch gemahlenen Kaffeebohnen zu.<\/li>\n<li>19 bar Druckpumpe f\u00fcr beste Sahne und maximales Aroma bei jedem Kaffee.<\/li>\n<li>Das schnelle Thermoblock-Heizsystem sorgt in wenigen Sekunden f\u00fcr perfekten Kaffee. Inklusive 400-ml-Milchbeh\u00e4lter.<\/li>\n<li>Passend f\u00fcr jeden Geschmack, Sie k\u00f6nnen die Menge und Intensit\u00e4t des Kaffees ganz einfach anpassen und speichern.<\/li>\n<li>150g Kaffeebeh\u00e4lter mit integrierter konischer M\u00fchle mit 5 Mahlstufen Abnehmbarer Wassertank mit 1,1 l und 400 ml Milch. Automatische Reinigung, um sie immer im Griff zu halten.<\/li>\n<\/ul>\n<p><strong>Product Information<\/strong><\/p>\n<ul>\n<table style=\"margin-bottom:20px\">\n<tbody>\n<tr>\n<td><strong>Besondere Eigenschaften<\/strong><\/td>\n<td>Automatische Abschaltung, Automatische Reinigung, Programmierbar<\/td>\n<\/tr>\n<tr>\n<td><strong>Kaffeemaschinentyp<\/strong><\/td>\n<td>Espressomaschine<\/td>\n<\/tr>\n<tr>\n<td><strong>Bestimmte Nutzungsm\u00f6gl. des Produkts<\/strong><\/td>\n<td>Cappuccino, Lattee<\/td>\n<\/tr>\n<tr>\n<td><strong>Betriebsmodus<\/strong><\/td>\n<td>Halbautomatisch<\/td>\n<\/tr>\n<tr>\n<td><strong>Wattzahl<\/strong><\/td>\n<td>1350 Watt<\/td>\n<\/tr>\n<tr>\n<td><strong>Spannung<\/strong><\/td>\n<td>220 Volt<\/td>\n<\/tr>\n<tr>\n<td><strong>Geeigneter Kaffeeetyp<\/strong><\/td>\n<td>whole bean<\/td>\n<\/tr>\n<tr>\n<td><strong>Energiequelle<\/strong><\/td>\n<td>Netzteil (AC Adapter)<\/td>\n<\/tr>\n<tr>\n<td><strong>Kapazit\u00e4t<\/strong><\/td>\n<td>1,1 Liter<\/td>\n<\/tr>\n<tr>\n<td><strong>Artikel Abmessungen T x B x H<\/strong><\/td>\n<td>40,5T x 19B x 34H cm<\/td>\n<\/tr>\n<tr>\n<td><strong>Artikelgewicht<\/strong><\/td>\n<td>7,97 Kilogramm<\/td>\n<\/tr>\n<tr>\n<td><strong>Anzahl der Artikel<\/strong><\/td>\n<td>1<\/td>\n<\/tr>\n<tr>\n<td><strong>Anzahl von Einheiten<\/strong><\/td>\n<td>1.0 st\u00fcck<\/td>\n<\/tr>\n<tr>\n<td><strong>Kaffeefiltergr\u00f6\u00dfe<\/strong><\/td>\n<td>#4<\/td>\n<\/tr>\n<tr>\n<td><strong>Ist sp\u00fclmaschinenfest<\/strong><\/td>\n<td>Nein<\/td>\n<\/tr>\n<tr>\n<td><strong>Markenname<\/strong><\/td>\n<td>Cecotec<\/td>\n<\/tr>\n<tr>\n<td><strong>Ursprungsland<\/strong><\/td>\n<td>Spanien<\/td>\n<\/tr>\n<tr>\n<td><strong>Enthaltene Komponenten<\/strong><\/td>\n<td>1 x Kaffeevollautomat, 1 x Bedienungsanleitung<\/td>\n<\/tr>\n<tr>\n<td><strong>Modellname<\/strong><\/td>\n<td>Cremmaet Latte Touch<\/td>\n<\/tr>\n<tr>\n<td><strong>Modellnummer<\/strong><\/td>\n<td>A01_EU01_115413<\/td>\n<\/tr>\n<tr>\n<td><strong>Hersteller<\/strong><\/td>\n<td>Cecotec<\/td>\n<\/tr>\n<tr>\n<td><strong>Teilenummer<\/strong><\/td>\n<td>A01_EU01_115413<\/td>\n<\/tr>\n<tr>\n<td><strong>Artikeltypbezeichnung<\/strong><\/td>\n<td>Kaffeevollautomaten<\/td>\n<\/tr>\n<tr>\n<td><strong>Amazon Bestseller-Rang<\/strong><\/td>\n<td><\/td>\n<\/tr>\n<tr>\n<td><strong>ASIN<\/strong><\/td>\n<td>B0FKT11RN6<\/td>\n<\/tr>\n<tr>\n<td><strong>Durchschnittliche Kundenbewertung<\/strong><\/td>\n<td><\/td>\n<\/tr>\n<tr>\n<td><strong>Farbe<\/strong><\/td>\n<td>Schwarz<\/td>\n<\/tr>\n<tr>\n<td><strong>Stil<\/strong><\/td>\n<td>Modern<\/td>\n<\/tr>\n<\/tbody>\n<\/table>\n<\/ul>","protected":false},"excerpt":{"rendered":"<p>Product Overview Marke: Cecotec Kapazit\u00e4t: 1,1 Liter Farbe: Schwarz Produktabmessungen: 40,5T x 19B x 34H cm Besonderes Merkmal: Automatische Abschaltung,<\/p>","protected":false},"featured_media":31712,"comment_status":"open","ping_status":"closed","template":"","meta":[],"product_brand":[],"product_cat":[150,151,152],"product_tag":[],"class_list":{"0":"post-31711","1":"product","2":"type-product","3":"status-publish","4":"has-post-thumbnail","6":"product_cat-collection-1","7":"product_cat-collection-2","8":"product_cat-startseite","10":"first","11":"instock","12":"sale","13":"shipping-taxable","14":"purchasable","15":"product-type-simple"},"jetpack_sharing_enabled":true,"_links":{"self":[{"href":"https:\/\/rollcap.store\/en\/wp-json\/wp\/v2\/product\/31711","targetHints":{"allow":["GET"]}}],"collection":[{"href":"https:\/\/rollcap.store\/en\/wp-json\/wp\/v2\/product"}],"about":[{"href":"https:\/\/rollcap.store\/en\/wp-json\/wp\/v2\/types\/product"}],"replies":[{"embeddable":true,"href":"https:\/\/rollcap.store\/en\/wp-json\/wp\/v2\/comments?post=31711"}],"version-history":[{"count":0,"href":"https:\/\/rollcap.store\/en\/wp-json\/wp\/v2\/product\/31711\/revisions"}],"wp:featuredmedia":[{"embeddable":true,"href":"https:\/\/rollcap.store\/en\/wp-json\/wp\/v2\/media\/31712"}],"wp:attachment":[{"href":"https:\/\/rollcap.store\/en\/wp-json\/wp\/v2\/media?parent=31711"}],"wp:term":[{"taxonomy":"product_brand","embeddable":true,"href":"https:\/\/rollcap.store\/en\/wp-json\/wp\/v2\/product_brand?post=31711"},{"taxonomy":"product_cat","embeddable":true,"href":"https:\/\/rollcap.store\/en\/wp-json\/wp\/v2\/product_cat?post=31711"},{"taxonomy":"product_tag","embeddable":true,"href":"https:\/\/rollcap.store\/en\/wp-json\/wp\/v2\/product_tag?post=31711"}],"curies":[{"name":"wp","href":"https:\/\/api.w.org\/{rel}","templated":true}]}}