{"id":31713,"date":"2026-04-09T16:30:27","date_gmt":"2026-04-09T16:30:27","guid":{"rendered":"https:\/\/rollcap.store\/product\/de-longhi-eletta-explore-perfetto-kaffeevollautomat-mit-lattecrema-milchaufschaumer-50-getranke-inklusive-cold-brew-auf-knopfdruck-farbiges-touch-display-dunkelgrau-ecam452-67-g\/"},"modified":"2026-04-09T16:44:42","modified_gmt":"2026-04-09T16:44:42","slug":"de-longhi-eletta-explore-perfetto-kaffeevollautomat-mit-lattecrema-milchaufschaumer-50-getranke-inklusive-cold-brew-auf-knopfdruck-farbiges-touch-display-dunkelgrau-ecam452-67-g","status":"publish","type":"product","link":"https:\/\/rollcap.store\/en\/product\/de-longhi-eletta-explore-perfetto-kaffeevollautomat-mit-lattecrema-milchaufschaumer-50-getranke-inklusive-cold-brew-auf-knopfdruck-farbiges-touch-display-dunkelgrau-ecam452-67-g\/","title":{"rendered":"De&#8217;Longhi Eletta Explore ECAM452.67.G Kaffeevollautomat, LatteCrema, 50 Getr\u00e4nke, Cold Brew, Touch-Display, Dunkelgrau"},"content":{"rendered":"<p><strong>Product Overview<\/strong><\/p>\n<ul>\n<li>\n<strong>Marke:<\/strong> De&#8217;Longhi<\/li>\n<li>\n<strong>Farbe:<\/strong> Grau, 50+ Getr\u00e4nke<\/li>\n<li>\n<strong>Produktabmessungen:<\/strong> 4,5T x 2,6B x 3,85H m<\/li>\n<li>\n<strong>Besonderes Merkmal:<\/strong> Kanne<\/li>\n<li>\n<strong>Kaffeemaschinen-Typ:<\/strong> Cold Brew-Kaffeemaschine<\/li>\n<\/ul>\n<p><strong>Product Features<\/strong><\/p>\n<ul>\n<li>LATTECREMA HOT &#038; COOL SYSTEM: Genie\u00dfen Sie eine Vielfalt an hei\u00dfen und erfrischenden Kaffeevarianten und Milchgetr\u00e4nken mit der LatteCrema-Technologie.<\/li>\n<li>COLD BREW: mit der Eletta Explore k\u00f6nnen Sie Cold Brew in weniger als 3 Minuten zubereiten. Das Wasser umgeht die Heizeinheit und erreicht die Br\u00fchkammer bei Umgebungstemperatur. Der Br\u00fchvorgang zeichnet sich durch das Pulsieren der Pumpe aus und erfolgt mit niedrigem Druck, wobei der Kaffee tropfenweise extrahiert wird, \u00e4hnlich wie bei der klassischen Drip Extraktion.<\/li>\n<li>AUTOMATISCHES TO-GO-SYSTEM: bereitet Ihre Lieblingsgetr\u00e4nke mit einem einzigen Knopfdruck zu und erm\u00f6glicht es Ihnen, sie mitzunehmen; passend f\u00fcr Becher bis zu 16 cm<\/li>\n<li>HOME KOMFORT: schlankes und elegantes Design f\u00fcr Kaffee in Barista-Qualit\u00e4t bei Ihnen zu Hause. Das dunkelgraue Design verleiht dieser Kaffeemaschine einen modernen Look, der in jede K\u00fcche passt<\/li>\n<li>LEICHT ZU REINIGEN: Automatische Reinigung mit Entkalkungs-, Reinigungs- und Sp\u00fclprogramm; Die Tropfschale, der Kaffeebeh\u00e4lter, die Milchkaraffe (au\u00dfer dem Deckel) und der Milchschlauch sind sp\u00fclmaschinengeeignet<\/li>\n<\/ul>\n<p><strong>Product Information<\/strong><\/p>\n<ul>\n<table style=\"margin-bottom:20px\">\n<tbody>\n<tr>\n<td><strong>Besondere Eigenschaften<\/strong><\/td>\n<td>Kanne<\/td>\n<\/tr>\n<tr>\n<td><strong>Kaffeemaschinentyp<\/strong><\/td>\n<td>Cold Brew-Kaffeemaschine<\/td>\n<\/tr>\n<tr>\n<td><strong>Bestimmte Nutzungsm\u00f6gl. des Produkts<\/strong><\/td>\n<td>Espresso<\/td>\n<\/tr>\n<tr>\n<td><strong>Empfohlene Verw.bereiche f\u00fcr Produkt<\/strong><\/td>\n<td>Zubereitung von Espresso, Cappuccino und Milch<\/td>\n<\/tr>\n<tr>\n<td><strong>Betriebsmodus<\/strong><\/td>\n<td>Vollautomatisch<\/td>\n<\/tr>\n<tr>\n<td><strong>Wattzahl<\/strong><\/td>\n<td>1450 Watt<\/td>\n<\/tr>\n<tr>\n<td><strong>Spannung<\/strong><\/td>\n<td>240 Volt<\/td>\n<\/tr>\n<tr>\n<td><strong>Eingabe \u00fcber Benutzeroberfl\u00e4che<\/strong><\/td>\n<td>Touchscreen<\/td>\n<\/tr>\n<tr>\n<td><strong>Geeigneter Kaffeeetyp<\/strong><\/td>\n<td>Bohnen<\/td>\n<\/tr>\n<tr>\n<td><strong>Energiequelle<\/strong><\/td>\n<td>Netzteil<\/td>\n<\/tr>\n<tr>\n<td><strong>Filtertyp<\/strong><\/td>\n<td>Wiederverwendbar<\/td>\n<\/tr>\n<tr>\n<td><strong>Artikel Abmessungen T x B x H<\/strong><\/td>\n<td>4,5T x 2,6B x 3,85H m<\/td>\n<\/tr>\n<tr>\n<td><strong>Artikelgewicht<\/strong><\/td>\n<td>11,3 Kilogramm<\/td>\n<\/tr>\n<tr>\n<td><strong>Anzahl der Artikel<\/strong><\/td>\n<td>1<\/td>\n<\/tr>\n<tr>\n<td><strong>Anzahl von Einheiten<\/strong><\/td>\n<td>1.0 st\u00fcck<\/td>\n<\/tr>\n<tr>\n<td><strong>Kaffeefiltergr\u00f6\u00dfe<\/strong><\/td>\n<td>#4<\/td>\n<\/tr>\n<tr>\n<td><strong>Markenname<\/strong><\/td>\n<td>De&#8217;Longhi<\/td>\n<\/tr>\n<tr>\n<td><strong>Ursprungsland<\/strong><\/td>\n<td>Italien<\/td>\n<\/tr>\n<tr>\n<td><strong>Enthaltene Komponenten<\/strong><\/td>\n<td>Karaffe<\/td>\n<\/tr>\n<tr>\n<td><strong>Modellname<\/strong><\/td>\n<td>Eletta Explore Cold Brew<\/td>\n<\/tr>\n<tr>\n<td><strong>Modellnummer<\/strong><\/td>\n<td>ECAM452.67.G<\/td>\n<\/tr>\n<tr>\n<td><strong>Herstellungsjahr<\/strong><\/td>\n<td>2023<\/td>\n<\/tr>\n<tr>\n<td><strong>Hersteller<\/strong><\/td>\n<td>De&#8217;Longhi<\/td>\n<\/tr>\n<tr>\n<td><strong>Teilenummer<\/strong><\/td>\n<td>ECAM452.67.G<\/td>\n<\/tr>\n<tr>\n<td><strong>Artikeltypbezeichnung<\/strong><\/td>\n<td>De&#8217;Longhi Eletta Explore Kaffeevollautomat mit LatteCrema Milchsystem, hei\u00dfe und kalte Getr\u00e4nke auf Knopfdruck, 3,5 Zoll TFT Touchscreen Farbdisplay<\/td>\n<\/tr>\n<tr>\n<td><strong>Amazon Bestseller-Rang<\/strong><\/td>\n<td><\/td>\n<\/tr>\n<tr>\n<td><strong>ASIN<\/strong><\/td>\n<td>B0BTZ9BPPL<\/td>\n<\/tr>\n<tr>\n<td><strong>Durchschnittliche Kundenbewertung<\/strong><\/td>\n<td><\/td>\n<\/tr>\n<tr>\n<td><strong>Farbe<\/strong><\/td>\n<td>Grau, 50+ Getr\u00e4nke<\/td>\n<\/tr>\n<tr>\n<td><strong>Stil<\/strong><\/td>\n<td>Mit Cold Brew Funktion<\/td>\n<\/tr>\n<tr>\n<td><strong>Material<\/strong><\/td>\n<td>Kunststoff<\/td>\n<\/tr>\n<tr>\n<td><strong>Au\u00dfenverkleidung<\/strong><\/td>\n<td>dunkelgrau<\/td>\n<\/tr>\n<tr>\n<td><strong>Ist sp\u00fclmaschinenfest<\/strong><\/td>\n<td>Ja<\/td>\n<\/tr>\n<\/tbody>\n<\/table>\n<\/ul>","protected":false},"excerpt":{"rendered":"<p>Product Overview Marke: De&#8217;Longhi Farbe: Grau, 50+ Getr\u00e4nke Produktabmessungen: 4,5T x 2,6B x 3,85H m Besonderes Merkmal: Kanne Kaffeemaschinen-Typ: Cold<\/p>","protected":false},"featured_media":31772,"comment_status":"open","ping_status":"closed","template":"","meta":[],"product_brand":[],"product_cat":[150,151,152],"product_tag":[],"class_list":{"0":"post-31713","1":"product","2":"type-product","3":"status-publish","4":"has-post-thumbnail","6":"product_cat-collection-1","7":"product_cat-collection-2","8":"product_cat-startseite","10":"first","11":"instock","12":"sale","13":"shipping-taxable","14":"purchasable","15":"product-type-variable"},"jetpack_sharing_enabled":true,"_links":{"self":[{"href":"https:\/\/rollcap.store\/en\/wp-json\/wp\/v2\/product\/31713","targetHints":{"allow":["GET"]}}],"collection":[{"href":"https:\/\/rollcap.store\/en\/wp-json\/wp\/v2\/product"}],"about":[{"href":"https:\/\/rollcap.store\/en\/wp-json\/wp\/v2\/types\/product"}],"replies":[{"embeddable":true,"href":"https:\/\/rollcap.store\/en\/wp-json\/wp\/v2\/comments?post=31713"}],"version-history":[{"count":0,"href":"https:\/\/rollcap.store\/en\/wp-json\/wp\/v2\/product\/31713\/revisions"}],"wp:featuredmedia":[{"embeddable":true,"href":"https:\/\/rollcap.store\/en\/wp-json\/wp\/v2\/media\/31772"}],"wp:attachment":[{"href":"https:\/\/rollcap.store\/en\/wp-json\/wp\/v2\/media?parent=31713"}],"wp:term":[{"taxonomy":"product_brand","embeddable":true,"href":"https:\/\/rollcap.store\/en\/wp-json\/wp\/v2\/product_brand?post=31713"},{"taxonomy":"product_cat","embeddable":true,"href":"https:\/\/rollcap.store\/en\/wp-json\/wp\/v2\/product_cat?post=31713"},{"taxonomy":"product_tag","embeddable":true,"href":"https:\/\/rollcap.store\/en\/wp-json\/wp\/v2\/product_tag?post=31713"}],"curies":[{"name":"wp","href":"https:\/\/api.w.org\/{rel}","templated":true}]}}