{"id":31717,"date":"2026-04-09T16:30:28","date_gmt":"2026-04-09T16:30:28","guid":{"rendered":"https:\/\/rollcap.store\/product\/de-longhi-la-specialista-touch-perfetto-siebtragermaschine-espressomaschine-mit-mahlwerk-10-getranke-cold-brew-automatische-und-manuelle-milchaufschaumung-touchscreen-metall-ec9455-m\/"},"modified":"2026-04-09T16:44:40","modified_gmt":"2026-04-09T16:44:40","slug":"de-longhi-la-specialista-touch-perfetto-siebtragermaschine-espressomaschine-mit-mahlwerk-10-getranke-cold-brew-automatische-und-manuelle-milchaufschaumung-touchscreen-metall-ec9455-m","status":"publish","type":"product","link":"https:\/\/rollcap.store\/en\/product\/de-longhi-la-specialista-touch-perfetto-siebtragermaschine-espressomaschine-mit-mahlwerk-10-getranke-cold-brew-automatische-und-manuelle-milchaufschaumung-touchscreen-metall-ec9455-m\/","title":{"rendered":"De&#8217;Longhi La Specialista Touch EC9455.M Siebtr\u00e4ger, Mahlwerk, 10 Getr\u00e4nke, Cold Brew, Milchaufsch\u00e4umer, Touchscreen, Metall"},"content":{"rendered":"<p><strong>Product Overview<\/strong><\/p>\n<ul>\n<li>\n<strong>Marke:<\/strong> De&#8217;Longhi<\/li>\n<li>\n<strong>Kapazit\u00e4t:<\/strong> 1,7 Liter<\/li>\n<li>\n<strong>Farbe:<\/strong> Metall<\/li>\n<li>\n<strong>Produktabmessungen:<\/strong> 0,37T x 3,19B x 0,4H m<\/li>\n<li>\n<strong>Besonderes Merkmal:<\/strong> Cold Brew in unter 5 Minuten, Auto LatteArt System, Bean Adapt Technology<\/li>\n<\/ul>\n<p><strong>Product Features<\/strong><\/p>\n<ul>\n<li>LA SPECIALISTA TOUCH: f\u00fcr echte Kaffeeliebhaber entwickelt \u2013 mit integriertem Mahlwerk, intuitivem Touchscreen und Auto LatteArt-Dampflanze &#8211; f\u00fcr cremigen Milchschaum<\/li>\n<li>IHR PERS\u00d6NLICHER BARISTA: der intuitive Touchscreen begleitet Sie wie ein echter Barista und f\u00fchrt Sie Schritt f\u00fcr Schritt durch Mahlgrad, Dosierung, Tampen und Milchschaumerstellung \u2013 f\u00fcr k\u00f6stliche Ergebnisse bei jedem Kaffee<\/li>\n<li>10 HEI\u1e9eE &#038; KALTE GETR\u00c4NKE: genie\u00dfen Sie Barista-Qualit\u00e4t zu Hause mit 10 voreingestellten hei\u00dfen und kalten Rezepten \u2013 von Espresso bis Cappuccino und Cold Brew, ganz nach Ihrem Geschmack<\/li>\n<li>COLD BREW IN UNTER 5 MINUTEN: mit der exklusiven Cold Extraction Technology von De\u2019Longhi bereiten Sie in weniger als 5 Minuten einen erfrischenden Cold Brew zu<\/li>\n<li>LATTE ART: auf Knopfdruck sorgt der Auto LatteArt-Dampfstab f\u00fcr samtigen Schaum und kreiert Latte sowie Cappuccino im echten Barista-Stil<\/li>\n<li>IT&#8217;S NOT JUST PERFECT. IT&#8217;S PERFETTO. Erleben Sie die Freude am Kaffeezubereiten zu Hause \u2013 La Specialista Touch macht jeden Schluck zu einem echten Genussmoment.<\/li>\n<\/ul>\n<p><strong>Product Information<\/strong><\/p>\n<ul>\n<table style=\"margin-bottom:20px\">\n<tbody>\n<tr>\n<td><strong>Besondere Eigenschaften<\/strong><\/td>\n<td>Cold Brew in unter 5 Minuten, Auto LatteArt System, Bean Adapt Technology<\/td>\n<\/tr>\n<tr>\n<td><strong>Kaffeemaschinentyp<\/strong><\/td>\n<td>Espressomaschine<\/td>\n<\/tr>\n<tr>\n<td><strong>Bestimmte Nutzungsm\u00f6gl. des Produkts<\/strong><\/td>\n<td>Cold Brew, Lattee, Cappuccino, Espresso<\/td>\n<\/tr>\n<tr>\n<td><strong>Betriebsmodus<\/strong><\/td>\n<td>Halbautomatisch<\/td>\n<\/tr>\n<tr>\n<td><strong>Wattzahl<\/strong><\/td>\n<td>1450 Watt<\/td>\n<\/tr>\n<tr>\n<td><strong>Spannung<\/strong><\/td>\n<td>240 Volt<\/td>\n<\/tr>\n<tr>\n<td><strong>Eingabe \u00fcber Benutzeroberfl\u00e4che<\/strong><\/td>\n<td>Touchscreen<\/td>\n<\/tr>\n<tr>\n<td><strong>Geeigneter Kaffeeetyp<\/strong><\/td>\n<td>Ganze Bohne, Gemahlen<\/td>\n<\/tr>\n<tr>\n<td><strong>Energiequelle<\/strong><\/td>\n<td>AC-Adapter<\/td>\n<\/tr>\n<tr>\n<td><strong>Filtertyp<\/strong><\/td>\n<td>Wiederverwendbar<\/td>\n<\/tr>\n<tr>\n<td><strong>Kapazit\u00e4t<\/strong><\/td>\n<td>1,7 Liter<\/td>\n<\/tr>\n<tr>\n<td><strong>Artikel Abmessungen T x B x H<\/strong><\/td>\n<td>0,37T x 3,19B x 0,4H m<\/td>\n<\/tr>\n<tr>\n<td><strong>Artikelgewicht<\/strong><\/td>\n<td>10,8 Kilogramm<\/td>\n<\/tr>\n<tr>\n<td><strong>Anzahl der Artikel<\/strong><\/td>\n<td>1<\/td>\n<\/tr>\n<tr>\n<td><strong>Anzahl von Einheiten<\/strong><\/td>\n<td>1.0 st\u00fcck<\/td>\n<\/tr>\n<tr>\n<td><strong>Kaffeefiltergr\u00f6\u00dfe<\/strong><\/td>\n<td>#4<\/td>\n<\/tr>\n<tr>\n<td><strong>Markenname<\/strong><\/td>\n<td>De&#8217;Longhi<\/td>\n<\/tr>\n<tr>\n<td><strong>Ursprungsland<\/strong><\/td>\n<td>China<\/td>\n<\/tr>\n<tr>\n<td><strong>Enthaltene Komponenten<\/strong><\/td>\n<td>Filtern, Karaffe, Milchaufsch\u00e4umer<\/td>\n<\/tr>\n<tr>\n<td><strong>Modellname<\/strong><\/td>\n<td>La Specialista Touch<\/td>\n<\/tr>\n<tr>\n<td><strong>Modellnummer<\/strong><\/td>\n<td>EC9455.M<\/td>\n<\/tr>\n<tr>\n<td><strong>Hersteller<\/strong><\/td>\n<td>De&#8217;Longhi<\/td>\n<\/tr>\n<tr>\n<td><strong>Teilenummer<\/strong><\/td>\n<td>EC9455.M<\/td>\n<\/tr>\n<tr>\n<td><strong>Artikeltypbezeichnung<\/strong><\/td>\n<td>De&#8217;Longhi La Specialista Opera EC9455.M, Espressomaschine mit Integrierter Kaffeem\u00fchle, Cold Brew Funktion, Automatische oder Manuelle Milchaufsch\u00e4umung, Touch Control, Inklusive Welcome-Set, Metall<\/td>\n<\/tr>\n<tr>\n<td><strong>Amazon Bestseller-Rang<\/strong><\/td>\n<td><\/td>\n<\/tr>\n<tr>\n<td><strong>ASIN<\/strong><\/td>\n<td>B0DVM1T4NP<\/td>\n<\/tr>\n<tr>\n<td><strong>Durchschnittliche Kundenbewertung<\/strong><\/td>\n<td><\/td>\n<\/tr>\n<tr>\n<td><strong>Farbe<\/strong><\/td>\n<td>Metall<\/td>\n<\/tr>\n<tr>\n<td><strong>Stil<\/strong><\/td>\n<td>mit Cold Brew\/Touch Display<\/td>\n<\/tr>\n<tr>\n<td><strong>Material<\/strong><\/td>\n<td>Metall<\/td>\n<\/tr>\n<tr>\n<td><strong>Au\u00dfenverkleidung<\/strong><\/td>\n<td>Metallisch<\/td>\n<\/tr>\n<tr>\n<td><strong>Ist sp\u00fclmaschinenfest<\/strong><\/td>\n<td>Nein<\/td>\n<\/tr>\n<\/tbody>\n<\/table>\n<\/ul>","protected":false},"excerpt":{"rendered":"<p>Product Overview Marke: De&#8217;Longhi Kapazit\u00e4t: 1,7 Liter Farbe: Metall Produktabmessungen: 0,37T x 3,19B x 0,4H m Besonderes Merkmal: Cold Brew<\/p>","protected":false},"featured_media":31820,"comment_status":"open","ping_status":"closed","template":"","meta":[],"product_brand":[],"product_cat":[150,151,152],"product_tag":[],"class_list":{"0":"post-31717","1":"product","2":"type-product","3":"status-publish","4":"has-post-thumbnail","6":"product_cat-collection-1","7":"product_cat-collection-2","8":"product_cat-startseite","10":"first","11":"instock","12":"sale","13":"shipping-taxable","14":"purchasable","15":"product-type-variable"},"jetpack_sharing_enabled":true,"_links":{"self":[{"href":"https:\/\/rollcap.store\/en\/wp-json\/wp\/v2\/product\/31717","targetHints":{"allow":["GET"]}}],"collection":[{"href":"https:\/\/rollcap.store\/en\/wp-json\/wp\/v2\/product"}],"about":[{"href":"https:\/\/rollcap.store\/en\/wp-json\/wp\/v2\/types\/product"}],"replies":[{"embeddable":true,"href":"https:\/\/rollcap.store\/en\/wp-json\/wp\/v2\/comments?post=31717"}],"version-history":[{"count":0,"href":"https:\/\/rollcap.store\/en\/wp-json\/wp\/v2\/product\/31717\/revisions"}],"wp:featuredmedia":[{"embeddable":true,"href":"https:\/\/rollcap.store\/en\/wp-json\/wp\/v2\/media\/31820"}],"wp:attachment":[{"href":"https:\/\/rollcap.store\/en\/wp-json\/wp\/v2\/media?parent=31717"}],"wp:term":[{"taxonomy":"product_brand","embeddable":true,"href":"https:\/\/rollcap.store\/en\/wp-json\/wp\/v2\/product_brand?post=31717"},{"taxonomy":"product_cat","embeddable":true,"href":"https:\/\/rollcap.store\/en\/wp-json\/wp\/v2\/product_cat?post=31717"},{"taxonomy":"product_tag","embeddable":true,"href":"https:\/\/rollcap.store\/en\/wp-json\/wp\/v2\/product_tag?post=31717"}],"curies":[{"name":"wp","href":"https:\/\/api.w.org\/{rel}","templated":true}]}}