{"id":31725,"date":"2026-04-09T16:30:28","date_gmt":"2026-04-09T16:30:28","guid":{"rendered":"https:\/\/rollcap.store\/product\/de-longhi-magnifica-evo-perfetto-kaffeevollautomat-mit-lattecrema-milchaufschaumer-7-one-touch-getranke-cappuccino-espresso-kaffeemaschine-soft-touch-bedienfeld-schwarz-ecam292-81-b\/"},"modified":"2026-04-09T16:44:39","modified_gmt":"2026-04-09T16:44:39","slug":"de-longhi-magnifica-evo-perfetto-kaffeevollautomat-mit-lattecrema-milchaufschaumer-7-one-touch-getranke-cappuccino-espresso-kaffeemaschine-soft-touch-bedienfeld-schwarz-ecam292-81-b","status":"publish","type":"product","link":"https:\/\/rollcap.store\/en\/product\/de-longhi-magnifica-evo-perfetto-kaffeevollautomat-mit-lattecrema-milchaufschaumer-7-one-touch-getranke-cappuccino-espresso-kaffeemaschine-soft-touch-bedienfeld-schwarz-ecam292-81-b\/","title":{"rendered":"De&#8217;Longhi Magnifica Evo ECAM292.81.B Kaffeevollautomat, LatteCrema, 7 One-Touch-Getr\u00e4nke, Soft-Touch-Bedienfeld, Schwarz"},"content":{"rendered":"<p><strong>Product Overview<\/strong><\/p>\n<ul>\n<li>\n<strong>Marke:<\/strong> De&#8217;Longhi<\/li>\n<li>\n<strong>Kapazit\u00e4t:<\/strong> 1,8 Liter<\/li>\n<li>\n<strong>Farbe:<\/strong> Schwarz<\/li>\n<li>\n<strong>Produktabmessungen:<\/strong> 44T x 24B x 36H cm<\/li>\n<li>\n<strong>Besonderes Merkmal:<\/strong> <\/li>\n<\/ul>\n<p><strong>Product Features<\/strong><\/p>\n<ul>\n<li>EINFACHE BEDIENUNG: 7 Direktwahltasten f\u00fcr Espresso, Kaffee, Long Coffee, Cappuccino und Latte Macchiato aus frisch gemahlenen Bohnen auf Knopfdruck<\/li>\n<li>HOCHWERTIGES MAHLWERK: Das 13-stufige Kegelmahlwerk kann individuell eingestellt werden, es passen 250 g Kaffeebohnen in den Beh\u00e4lter \u2013 der Vollautomat eignet auch f\u00fcr die Nutzung mit Kaffeepulver<\/li>\n<li>LATTECREMA-SYSTEM: Patentiertes Milchaufsch\u00e4umsystem f\u00fcr besonders cremigen, feinporigen Milchschaum f\u00fcr den idealen Cappuccino \u2013 die Reinigung erfolgt automatisch per Drehregler<\/li>\n<li>BEDIENKOMFORT: Dank des neuen Bedienfelds mit farbigen Symbolen mit LED-Beleuchtung<\/li>\n<li>LEICHTE REINIGUNG: Die kompakte Br\u00fchgruppe ist wartungsarm, l\u00e4sst sich vollst\u00e4ndig aus der Kaffeemaschine herausnehmen und erm\u00f6glicht so eine einfache Reinigung des Maschineninnenraums<\/li>\n<\/ul>\n<p><strong>Product Information<\/strong><\/p>\n<ul>\n<table style=\"margin-bottom:20px\">\n<tbody>\n<tr>\n<td><strong>Besondere Eigenschaften<\/strong><\/td>\n<td>Abnehmbarer Wasserkaraffe, einfache Reinigung, 7 Rezepte, Milchsystem mit automatischem Milchkaraffe, Farbdisplay<\/td>\n<\/tr>\n<tr>\n<td><strong>Kaffeemaschinentyp<\/strong><\/td>\n<td>Espressomaschine<\/td>\n<\/tr>\n<tr>\n<td><strong>Bestimmte Nutzungsm\u00f6gl. des Produkts<\/strong><\/td>\n<td>Espresso<\/td>\n<\/tr>\n<tr>\n<td><strong>Empfohlene Verw.bereiche f\u00fcr Produkt<\/strong><\/td>\n<td>Reisen<\/td>\n<\/tr>\n<tr>\n<td><strong>Betriebsmodus<\/strong><\/td>\n<td>Vollautomatisch<\/td>\n<\/tr>\n<tr>\n<td><strong>Wattzahl<\/strong><\/td>\n<td>1450 Watt<\/td>\n<\/tr>\n<tr>\n<td><strong>Spannung<\/strong><\/td>\n<td>240<\/td>\n<\/tr>\n<tr>\n<td><strong>Eingabe \u00fcber Benutzeroberfl\u00e4che<\/strong><\/td>\n<td>Tasten<\/td>\n<\/tr>\n<tr>\n<td><strong>Geeigneter Kaffeeetyp<\/strong><\/td>\n<td>Bohnen<\/td>\n<\/tr>\n<tr>\n<td><strong>Energiequelle<\/strong><\/td>\n<td>Netzstrom<\/td>\n<\/tr>\n<tr>\n<td><strong>Filtertyp<\/strong><\/td>\n<td>Wiederverwendbar<\/td>\n<\/tr>\n<tr>\n<td><strong>Kapazit\u00e4t<\/strong><\/td>\n<td>1,8 Liter<\/td>\n<\/tr>\n<tr>\n<td><strong>Artikel Abmessungen T x B x H<\/strong><\/td>\n<td>44T x 24B x 36H cm<\/td>\n<\/tr>\n<tr>\n<td><strong>Artikelgewicht<\/strong><\/td>\n<td>9,6 Kilogramm<\/td>\n<\/tr>\n<tr>\n<td><strong>Anzahl der Artikel<\/strong><\/td>\n<td>1<\/td>\n<\/tr>\n<tr>\n<td><strong>Material<\/strong><\/td>\n<td>Stahllegierung<\/td>\n<\/tr>\n<tr>\n<td><strong>Ist sp\u00fclmaschinenfest<\/strong><\/td>\n<td>Ja<\/td>\n<\/tr>\n<tr>\n<td><strong>Markenname<\/strong><\/td>\n<td>De&#8217;Longhi<\/td>\n<\/tr>\n<tr>\n<td><strong>Ursprungsland<\/strong><\/td>\n<td>Rum\u00e4nien<\/td>\n<\/tr>\n<tr>\n<td><strong>Enthaltene Komponenten<\/strong><\/td>\n<td>Eingebaute Stahlm\u00fchle, Aufgusseinheit, manueller Milchaufsch\u00e4umer<\/td>\n<\/tr>\n<tr>\n<td><strong>Modellname<\/strong><\/td>\n<td>De&#8217;Longhi Magnifica<\/td>\n<\/tr>\n<tr>\n<td><strong>Modellnummer<\/strong><\/td>\n<td>ECAM292.81.B<\/td>\n<\/tr>\n<tr>\n<td><strong>Hersteller<\/strong><\/td>\n<td>De&#8217;Longhi<\/td>\n<\/tr>\n<tr>\n<td><strong>Garantie f\u00fcr das Produkt<\/strong><\/td>\n<td>Keine warranty.<\/td>\n<\/tr>\n<tr>\n<td><strong>Teilenummer<\/strong><\/td>\n<td>ECAM292.81.B<\/td>\n<\/tr>\n<tr>\n<td><strong>Artikeltypbezeichnung<\/strong><\/td>\n<td>De&#8217;Longhi Magnifica Evo<\/td>\n<\/tr>\n<tr>\n<td><strong>Amazon Bestseller-Rang<\/strong><\/td>\n<td><\/td>\n<\/tr>\n<tr>\n<td><strong>ASIN<\/strong><\/td>\n<td>B09CGRQ965<\/td>\n<\/tr>\n<tr>\n<td><strong>Durchschnittliche Kundenbewertung<\/strong><\/td>\n<td><\/td>\n<\/tr>\n<tr>\n<td><strong>Farbe<\/strong><\/td>\n<td>Schwarz<\/td>\n<\/tr>\n<tr>\n<td><strong>Stil<\/strong><\/td>\n<td>Automatisches Milchschaum Schwarz<\/td>\n<\/tr>\n<\/tbody>\n<\/table>\n<\/ul>","protected":false},"excerpt":{"rendered":"<p>Product Overview Marke: De&#8217;Longhi Kapazit\u00e4t: 1,8 Liter Farbe: Schwarz Produktabmessungen: 44T x 24B x 36H cm Besonderes Merkmal: Product Features<\/p>","protected":false},"featured_media":31835,"comment_status":"open","ping_status":"closed","template":"","meta":[],"product_brand":[],"product_cat":[150,151,152],"product_tag":[],"class_list":{"0":"post-31725","1":"product","2":"type-product","3":"status-publish","4":"has-post-thumbnail","6":"product_cat-collection-1","7":"product_cat-collection-2","8":"product_cat-startseite","10":"first","11":"instock","12":"sale","13":"shipping-taxable","14":"purchasable","15":"product-type-variable"},"jetpack_sharing_enabled":true,"_links":{"self":[{"href":"https:\/\/rollcap.store\/en\/wp-json\/wp\/v2\/product\/31725","targetHints":{"allow":["GET"]}}],"collection":[{"href":"https:\/\/rollcap.store\/en\/wp-json\/wp\/v2\/product"}],"about":[{"href":"https:\/\/rollcap.store\/en\/wp-json\/wp\/v2\/types\/product"}],"replies":[{"embeddable":true,"href":"https:\/\/rollcap.store\/en\/wp-json\/wp\/v2\/comments?post=31725"}],"version-history":[{"count":0,"href":"https:\/\/rollcap.store\/en\/wp-json\/wp\/v2\/product\/31725\/revisions"}],"wp:featuredmedia":[{"embeddable":true,"href":"https:\/\/rollcap.store\/en\/wp-json\/wp\/v2\/media\/31835"}],"wp:attachment":[{"href":"https:\/\/rollcap.store\/en\/wp-json\/wp\/v2\/media?parent=31725"}],"wp:term":[{"taxonomy":"product_brand","embeddable":true,"href":"https:\/\/rollcap.store\/en\/wp-json\/wp\/v2\/product_brand?post=31725"},{"taxonomy":"product_cat","embeddable":true,"href":"https:\/\/rollcap.store\/en\/wp-json\/wp\/v2\/product_cat?post=31725"},{"taxonomy":"product_tag","embeddable":true,"href":"https:\/\/rollcap.store\/en\/wp-json\/wp\/v2\/product_tag?post=31725"}],"curies":[{"name":"wp","href":"https:\/\/api.w.org\/{rel}","templated":true}]}}