{"id":31730,"date":"2026-04-09T16:30:29","date_gmt":"2026-04-09T16:30:29","guid":{"rendered":"https:\/\/rollcap.store\/product\/de-longhi-rivelia-perfetto-kaffeevollautomat-mit-lattecrema-milchaufschaumer-16-one-touch-getranke-farbiges-touch-display-austauschbare-bohnenbehalter-weiss-exam440-55-w\/"},"modified":"2026-04-09T16:44:38","modified_gmt":"2026-04-09T16:44:38","slug":"de-longhi-rivelia-perfetto-kaffeevollautomat-mit-lattecrema-milchaufschaumer-16-one-touch-getranke-farbiges-touch-display-austauschbare-bohnenbehalter-weiss-exam440-55-w","status":"publish","type":"product","link":"https:\/\/rollcap.store\/en\/product\/de-longhi-rivelia-perfetto-kaffeevollautomat-mit-lattecrema-milchaufschaumer-16-one-touch-getranke-farbiges-touch-display-austauschbare-bohnenbehalter-weiss-exam440-55-w\/","title":{"rendered":"De&#8217;Longhi Rivelia EXAM440.55.W Kaffeevollautomat, LatteCrema, 16 One-Touch-Getr\u00e4nke, Touch-Display, austauschbare Bohnenbeh\u00e4lter, Wei\u00df"},"content":{"rendered":"<p><strong>Product Overview<\/strong><\/p>\n<ul>\n<li>\n<strong>Marke:<\/strong> De&#8217;Longhi<\/li>\n<li>\n<strong>Kapazit\u00e4t:<\/strong> 1,4 Liter<\/li>\n<li>\n<strong>Farbe:<\/strong> Wei\u00df<\/li>\n<li>\n<strong>Produktabmessungen:<\/strong> 43T x 24,5B x 38,5H cm<\/li>\n<li>\n<strong>Besonderes Merkmal:<\/strong> Coffee Routines Funktion<\/li>\n<\/ul>\n<p><strong>Product Features<\/strong><\/p>\n<ul>\n<li>RIVELIA: Entdecken Sie Rivelia, Kaffeevollautomat f\u00fcr alle, die Vielfalt lieben \u2013 kompakt, mit austauschbaren Bohnenbeh\u00e4ltern und mit perfektem Milchschaum wie vom Barista. Testsieger der Stiftung Warentest Ausgabe 12\/24<\/li>\n<li>GENUSS AUF KNOPFDRUCK: Genie\u00dfen Sie Ihren Lieblingskaffee auf Knopfdruck \u2013 w\u00e4hlen Sie ganz einfach aus 16 k\u00f6stlichen Spezialit\u00e4ten \u00fcber das intuitive 3,5&#8243;-Touch-Display Ihrer Kaffeemaschine<\/li>\n<li>GESCHMACKLICHE VIELFALT: Dank austauschbarer Bohnenbeh\u00e4lter k\u00f6nnen Sie m\u00fchelos zwischen verschiedenen Kaffeesorten wechseln \u2013 ob klassisch oder entkoffeiniert<\/li>\n<li>K\u00d6STLICHER GESCHMACK IN JEDER TASSE: Die Bean Adapt Technologie dieses Kaffeevollautomaten optimiert jeden Br\u00fchvorgang f\u00fcr vollendetes Aroma und perfekten Geschmack \u2013 individuell abgestimmt auf jede Bohne<\/li>\n<li>CREMIGER MILCHSCHAUM AUF KNOPFDRUCK: Ob hei\u00df oder kalt \u2013 das LatteCrema Hot System sorgt f\u00fcr cremigen vollautomatischen Milchschaum, w\u00e4hrend das optionale LatteCrema Cool Upgrade-Set erfrischende Genussmomente erm\u00f6glicht<\/li>\n<li>IT&#8217;S NOT JUST PERFECT. IT&#8217;S PERFETTO. Sanfte Konturen, flie\u00dfende Oberfl\u00e4chen und elegante Glanzakzente &#8211; samt automatischer Reinigung f\u00fcr h\u00f6chste Hygiene.<\/li>\n<\/ul>\n<p><strong>Product Information<\/strong><\/p>\n<ul>\n<table style=\"margin-bottom:20px\">\n<tbody>\n<tr>\n<td><strong>Besondere Eigenschaften<\/strong><\/td>\n<td>Coffee Routines Funktion<\/td>\n<\/tr>\n<tr>\n<td><strong>Kaffeemaschinentyp<\/strong><\/td>\n<td>Espressomaschine<\/td>\n<\/tr>\n<tr>\n<td><strong>Bestimmte Nutzungsm\u00f6gl. des Produkts<\/strong><\/td>\n<td>16 Kaffee- und Milchgetr\u00e4nke wie beispielsweise Espresso, Kaffee, Americano, Cappuccino, Latte Macchiato oder Flat White<\/td>\n<\/tr>\n<tr>\n<td><strong>Empfohlene Verw.bereiche f\u00fcr Produkt<\/strong><\/td>\n<td>Kaffeezubereitung<\/td>\n<\/tr>\n<tr>\n<td><strong>Betriebsmodus<\/strong><\/td>\n<td>Vollautomatisch<\/td>\n<\/tr>\n<tr>\n<td><strong>Wattzahl<\/strong><\/td>\n<td>1450 Watt<\/td>\n<\/tr>\n<tr>\n<td><strong>Spannung<\/strong><\/td>\n<td>240.0<\/td>\n<\/tr>\n<tr>\n<td><strong>Eingabe \u00fcber Benutzeroberfl\u00e4che<\/strong><\/td>\n<td>Touchscreen<\/td>\n<\/tr>\n<tr>\n<td><strong>Geeigneter Kaffeeetyp<\/strong><\/td>\n<td>Bohnen<\/td>\n<\/tr>\n<tr>\n<td><strong>Energiequelle<\/strong><\/td>\n<td>Netzteil<\/td>\n<\/tr>\n<tr>\n<td><strong>Filtertyp<\/strong><\/td>\n<td>kein Filter notwendig<\/td>\n<\/tr>\n<tr>\n<td><strong>Kapazit\u00e4t<\/strong><\/td>\n<td>1,4 Liter<\/td>\n<\/tr>\n<tr>\n<td><strong>Artikel Abmessungen T x B x H<\/strong><\/td>\n<td>43T x 24,5B x 38,5H cm<\/td>\n<\/tr>\n<tr>\n<td><strong>Artikelgewicht<\/strong><\/td>\n<td>9,7 Kilogramm<\/td>\n<\/tr>\n<tr>\n<td><strong>Anzahl der Artikel<\/strong><\/td>\n<td>1<\/td>\n<\/tr>\n<tr>\n<td><strong>Material<\/strong><\/td>\n<td>Plastic<\/td>\n<\/tr>\n<tr>\n<td><strong>Au\u00dfenverkleidung<\/strong><\/td>\n<td>Matt mit gl\u00e4nzenden Highlights<\/td>\n<\/tr>\n<tr>\n<td><strong>Ist sp\u00fclmaschinenfest<\/strong><\/td>\n<td>Ja<\/td>\n<\/tr>\n<tr>\n<td><strong>Markenname<\/strong><\/td>\n<td>De&#8217;Longhi<\/td>\n<\/tr>\n<tr>\n<td><strong>Enthaltene Komponenten<\/strong><\/td>\n<td>Automatischer Milchaufsch\u00e4umer<\/td>\n<\/tr>\n<tr>\n<td><strong>Modellname<\/strong><\/td>\n<td>Rivelia<\/td>\n<\/tr>\n<tr>\n<td><strong>Modellnummer<\/strong><\/td>\n<td>EXAM440.55.W<\/td>\n<\/tr>\n<tr>\n<td><strong>Verpackung<\/strong><\/td>\n<td>FFP<\/td>\n<\/tr>\n<tr>\n<td><strong>Hersteller<\/strong><\/td>\n<td>De&#8217;Longhi<\/td>\n<\/tr>\n<tr>\n<td><strong>Teilenummer<\/strong><\/td>\n<td>EXAM440.55.W<\/td>\n<\/tr>\n<tr>\n<td><strong>Artikeltypbezeichnung<\/strong><\/td>\n<td>De&#8217;Longhi Rivelia EXAM440.55.W Kaffeevollautomat mit LatteCrema Milchsystem, Wechselbarer Bohnenbeh\u00e4lter, 16 Kaffee- &#038; Milchgetr\u00e4nke auf Knopfdruck, Extra-Shot-Funktion, 3,5&#8243; Touch-Display, Wei\u00df<\/td>\n<\/tr>\n<tr>\n<td><strong>Amazon Bestseller-Rang<\/strong><\/td>\n<td><\/td>\n<\/tr>\n<tr>\n<td><strong>ASIN<\/strong><\/td>\n<td>B0CDCM3J5G<\/td>\n<\/tr>\n<tr>\n<td><strong>Durchschnittliche Kundenbewertung<\/strong><\/td>\n<td><\/td>\n<\/tr>\n<tr>\n<td><strong>Farbe<\/strong><\/td>\n<td>Wei\u00df<\/td>\n<\/tr>\n<tr>\n<td><strong>Stil<\/strong><\/td>\n<td>Automatisches Milchschaum<\/td>\n<\/tr>\n<\/tbody>\n<\/table>\n<\/ul>","protected":false},"excerpt":{"rendered":"<p>Product Overview Marke: De&#8217;Longhi Kapazit\u00e4t: 1,4 Liter Farbe: Wei\u00df Produktabmessungen: 43T x 24,5B x 38,5H cm Besonderes Merkmal: Coffee Routines<\/p>","protected":false},"featured_media":31847,"comment_status":"open","ping_status":"closed","template":"","meta":[],"product_brand":[],"product_cat":[150,151,152],"product_tag":[],"class_list":{"0":"post-31730","1":"product","2":"type-product","3":"status-publish","4":"has-post-thumbnail","6":"product_cat-collection-1","7":"product_cat-collection-2","8":"product_cat-startseite","10":"first","11":"instock","12":"sale","13":"shipping-taxable","14":"purchasable","15":"product-type-variable"},"jetpack_sharing_enabled":true,"_links":{"self":[{"href":"https:\/\/rollcap.store\/en\/wp-json\/wp\/v2\/product\/31730","targetHints":{"allow":["GET"]}}],"collection":[{"href":"https:\/\/rollcap.store\/en\/wp-json\/wp\/v2\/product"}],"about":[{"href":"https:\/\/rollcap.store\/en\/wp-json\/wp\/v2\/types\/product"}],"replies":[{"embeddable":true,"href":"https:\/\/rollcap.store\/en\/wp-json\/wp\/v2\/comments?post=31730"}],"version-history":[{"count":0,"href":"https:\/\/rollcap.store\/en\/wp-json\/wp\/v2\/product\/31730\/revisions"}],"wp:featuredmedia":[{"embeddable":true,"href":"https:\/\/rollcap.store\/en\/wp-json\/wp\/v2\/media\/31847"}],"wp:attachment":[{"href":"https:\/\/rollcap.store\/en\/wp-json\/wp\/v2\/media?parent=31730"}],"wp:term":[{"taxonomy":"product_brand","embeddable":true,"href":"https:\/\/rollcap.store\/en\/wp-json\/wp\/v2\/product_brand?post=31730"},{"taxonomy":"product_cat","embeddable":true,"href":"https:\/\/rollcap.store\/en\/wp-json\/wp\/v2\/product_cat?post=31730"},{"taxonomy":"product_tag","embeddable":true,"href":"https:\/\/rollcap.store\/en\/wp-json\/wp\/v2\/product_tag?post=31730"}],"curies":[{"name":"wp","href":"https:\/\/api.w.org\/{rel}","templated":true}]}}