{"id":31737,"date":"2026-04-09T16:30:31","date_gmt":"2026-04-09T16:30:31","guid":{"rendered":"https:\/\/rollcap.store\/product\/krups-sensation-kaffeevollautomat-mit-milchschaumduse-kaffeemaschine-fur-espresso-cappuccino-latte-macchiato-gemacht-fur-bohnenkaffee-filterkaffee-bis-zu-5-kaffeegetranke-und-2-tassen-funktion\/"},"modified":"2026-04-09T16:44:36","modified_gmt":"2026-04-09T16:44:36","slug":"krups-sensation-kaffeevollautomat-mit-milchschaumduse-kaffeemaschine-fur-espresso-cappuccino-latte-macchiato-gemacht-fur-bohnenkaffee-filterkaffee-bis-zu-5-kaffeegetranke-und-2-tassen-funktion","status":"publish","type":"product","link":"https:\/\/rollcap.store\/en\/product\/krups-sensation-kaffeevollautomat-mit-milchschaumduse-kaffeemaschine-fur-espresso-cappuccino-latte-macchiato-gemacht-fur-bohnenkaffee-filterkaffee-bis-zu-5-kaffeegetranke-und-2-tassen-funktion\/","title":{"rendered":"Krups Sensation Kaffeevollautomat, Milchschaumd\u00fcse, 5 Getr\u00e4nke, 2-Tassen-Funktion, f\u00fcr Espresso, Cappuccino &#038; Latte Macchiato"},"content":{"rendered":"<p><strong>Product Overview<\/strong><\/p>\n<ul>\n<li>\n<strong>Marke:<\/strong> KRUPS<\/li>\n<li>\n<strong>Kapazit\u00e4t:<\/strong> 1,7 Liter<\/li>\n<li>\n<strong>Farbe:<\/strong> Hellgrau<\/li>\n<li>\n<strong>Produktabmessungen:<\/strong> 34,6T x 24B x 36,4H cm<\/li>\n<li>\n<strong>Besonderes Merkmal:<\/strong> <\/li>\n<\/ul>\n<p><strong>Product Features<\/strong><\/p>\n<ul>\n<li>Optimaler Geschmack: Genie\u00dfen Sie 4 einzigartige Kaffeegetr\u00e4nke, wie Ristretto, Espresso und Long Coffee optimiert durch Barista Inside Technologie. Inklusive innovativer Filterkaffee-Funktion f\u00fcr h\u00f6chste Qualit\u00e4t<\/li>\n<li>T\u00dcV Hygienezertifikat: Das unabh\u00e4ngige internationale Laboratorium T\u00dcV Rheinland hat die mikrobiologische Unbedenklichkeit dieses Kaffeevollautomaten bescheinigt, die automatische Reinigung der Br\u00fchgruppe ist einwandfrei<\/li>\n<li>Einfache Bedienung in kompaktem Design: Das extra gro\u00dfe Sensor-Touch Bedienfeld sorgt f\u00fcr eine einfache Bedienung des Kaffeevollautomaten und das platzsparendes Design f\u00fcgt sich optimal in jede K\u00fcche ein<\/li>\n<li>Samtig-cremiger Schaum: Bereiten Sie mit der Milchd\u00fcse samtig-cremigen Milchschaum zu<\/li>\n<li>Memo-Funktion: Passen Sie Menge und St\u00e4rke an und speichern Sie bis zu 2 Favoriten f\u00fcr einen schnellen und individuellen Start<\/li>\n<li>Vollautomatische Reinigung: Dank des geschlossenen Br\u00fchsystems erfolgt die Reinigung m\u00fchelos mit einem Reinigungstab \u2013 ganz ohne Gefahr der Fehlbedienung<\/li>\n<li>Keine Br\u00fchgruppe aus Plastik: Metallbr\u00fchgruppe f\u00fcr lange Lebensdauer, optimale W\u00e4rmeleitung und vollautomatische Reinigung ohne Aufwand<\/li>\n<\/ul>\n<p><strong>Product Information<\/strong><\/p>\n<ul>\n<table style=\"margin-bottom:20px\">\n<tbody>\n<tr>\n<td><strong>Besondere Eigenschaften<\/strong><\/td>\n<td>Automatische Reinigung, Br\u00fchgruppe aus Metall, Filterkaffee-Funktion, Milchaufsch\u00e4umer, Sensor-Touch Bedienfeld<\/td>\n<\/tr>\n<tr>\n<td><strong>Kaffeemaschinentyp<\/strong><\/td>\n<td>Espressomaschine<\/td>\n<\/tr>\n<tr>\n<td><strong>Bestimmte Nutzungsm\u00f6gl. des Produkts<\/strong><\/td>\n<td>Espresso<\/td>\n<\/tr>\n<tr>\n<td><strong>Empfohlene Verw.bereiche f\u00fcr Produkt<\/strong><\/td>\n<td>Reisen<\/td>\n<\/tr>\n<tr>\n<td><strong>Betriebsmodus<\/strong><\/td>\n<td>Vollautomatisch<\/td>\n<\/tr>\n<tr>\n<td><strong>Wattzahl<\/strong><\/td>\n<td>1450 Watt<\/td>\n<\/tr>\n<tr>\n<td><strong>Spannung<\/strong><\/td>\n<td>220 Volt (Wechselstrom)<\/td>\n<\/tr>\n<tr>\n<td><strong>Eingabe \u00fcber Benutzeroberfl\u00e4che<\/strong><\/td>\n<td>Touchscreen<\/td>\n<\/tr>\n<tr>\n<td><strong>Geeigneter Kaffeeetyp<\/strong><\/td>\n<td>Kaffeebohnen<\/td>\n<\/tr>\n<tr>\n<td><strong>Energiequelle<\/strong><\/td>\n<td>Netzteil<\/td>\n<\/tr>\n<tr>\n<td><strong>Filtertyp<\/strong><\/td>\n<td>Wiederverwendbar<\/td>\n<\/tr>\n<tr>\n<td><strong>Kapazit\u00e4t<\/strong><\/td>\n<td>1,7 Liter<\/td>\n<\/tr>\n<tr>\n<td><strong>Artikel Abmessungen T x B x H<\/strong><\/td>\n<td>34,6T x 24B x 36,4H cm<\/td>\n<\/tr>\n<tr>\n<td><strong>Artikelgewicht<\/strong><\/td>\n<td>7,5 Kilogramm<\/td>\n<\/tr>\n<tr>\n<td><strong>Anzahl der Artikel<\/strong><\/td>\n<td>1<\/td>\n<\/tr>\n<tr>\n<td><strong>Anzahl von Einheiten<\/strong><\/td>\n<td>1.0 st\u00fcck<\/td>\n<\/tr>\n<tr>\n<td><strong>Markenname<\/strong><\/td>\n<td>KRUPS<\/td>\n<\/tr>\n<tr>\n<td><strong>Enthaltene Komponenten<\/strong><\/td>\n<td>2 Reinigungstabletten XS3000, Milchaufsch\u00e4umer<\/td>\n<\/tr>\n<tr>\n<td><strong>Modellname<\/strong><\/td>\n<td>Sensation EA9108<\/td>\n<\/tr>\n<tr>\n<td><strong>Modellnummer<\/strong><\/td>\n<td>EA910810<\/td>\n<\/tr>\n<tr>\n<td><strong>Hersteller<\/strong><\/td>\n<td>Krups<\/td>\n<\/tr>\n<tr>\n<td><strong>Teilenummer<\/strong><\/td>\n<td>EA9108<\/td>\n<\/tr>\n<tr>\n<td><strong>Artikeltypbezeichnung<\/strong><\/td>\n<td>Kaffeevollautomat<\/td>\n<\/tr>\n<tr>\n<td><strong>Amazon Bestseller-Rang<\/strong><\/td>\n<td><\/td>\n<\/tr>\n<tr>\n<td><strong>ASIN<\/strong><\/td>\n<td>B0CCP713Y7<\/td>\n<\/tr>\n<tr>\n<td><strong>Durchschnittliche Kundenbewertung<\/strong><\/td>\n<td><\/td>\n<\/tr>\n<tr>\n<td><strong>Farbe<\/strong><\/td>\n<td>Hellgrau<\/td>\n<\/tr>\n<tr>\n<td><strong>Stil<\/strong><\/td>\n<td>Kaffeevollautomat mit Milchschlauch<\/td>\n<\/tr>\n<tr>\n<td><strong>Material<\/strong><\/td>\n<td>Kunststoff, Metall<\/td>\n<\/tr>\n<tr>\n<td><strong>Ist sp\u00fclmaschinenfest<\/strong><\/td>\n<td>Nein<\/td>\n<\/tr>\n<\/tbody>\n<\/table>\n<\/ul>","protected":false},"excerpt":{"rendered":"<p>Product Overview Marke: KRUPS Kapazit\u00e4t: 1,7 Liter Farbe: Hellgrau Produktabmessungen: 34,6T x 24B x 36,4H cm Besonderes Merkmal: Product Features<\/p>","protected":false},"featured_media":31861,"comment_status":"open","ping_status":"closed","template":"","meta":[],"product_brand":[],"product_cat":[150,151,152],"product_tag":[],"class_list":{"0":"post-31737","1":"product","2":"type-product","3":"status-publish","4":"has-post-thumbnail","6":"product_cat-collection-1","7":"product_cat-collection-2","8":"product_cat-startseite","10":"first","11":"instock","12":"sale","13":"shipping-taxable","14":"purchasable","15":"product-type-variable"},"jetpack_sharing_enabled":true,"_links":{"self":[{"href":"https:\/\/rollcap.store\/en\/wp-json\/wp\/v2\/product\/31737","targetHints":{"allow":["GET"]}}],"collection":[{"href":"https:\/\/rollcap.store\/en\/wp-json\/wp\/v2\/product"}],"about":[{"href":"https:\/\/rollcap.store\/en\/wp-json\/wp\/v2\/types\/product"}],"replies":[{"embeddable":true,"href":"https:\/\/rollcap.store\/en\/wp-json\/wp\/v2\/comments?post=31737"}],"version-history":[{"count":0,"href":"https:\/\/rollcap.store\/en\/wp-json\/wp\/v2\/product\/31737\/revisions"}],"wp:featuredmedia":[{"embeddable":true,"href":"https:\/\/rollcap.store\/en\/wp-json\/wp\/v2\/media\/31861"}],"wp:attachment":[{"href":"https:\/\/rollcap.store\/en\/wp-json\/wp\/v2\/media?parent=31737"}],"wp:term":[{"taxonomy":"product_brand","embeddable":true,"href":"https:\/\/rollcap.store\/en\/wp-json\/wp\/v2\/product_brand?post=31737"},{"taxonomy":"product_cat","embeddable":true,"href":"https:\/\/rollcap.store\/en\/wp-json\/wp\/v2\/product_cat?post=31737"},{"taxonomy":"product_tag","embeddable":true,"href":"https:\/\/rollcap.store\/en\/wp-json\/wp\/v2\/product_tag?post=31737"}],"curies":[{"name":"wp","href":"https:\/\/api.w.org\/{rel}","templated":true}]}}