{"id":31741,"date":"2026-04-09T16:30:31","date_gmt":"2026-04-09T16:30:31","guid":{"rendered":"https:\/\/rollcap.store\/product\/melitta-latticia-ot-kaffeevollautomat-mit-milchsystem-kaffeemaschine-mit-mahlwerk-fur-z-b-kaffee-oder-cappuccino-silber-schwarz\/"},"modified":"2026-04-09T16:44:35","modified_gmt":"2026-04-09T16:44:35","slug":"melitta-latticia-ot-kaffeevollautomat-mit-milchsystem-kaffeemaschine-mit-mahlwerk-fur-z-b-kaffee-oder-cappuccino-silber-schwarz","status":"publish","type":"product","link":"https:\/\/rollcap.store\/en\/product\/melitta-latticia-ot-kaffeevollautomat-mit-milchsystem-kaffeemaschine-mit-mahlwerk-fur-z-b-kaffee-oder-cappuccino-silber-schwarz\/","title":{"rendered":"Melitta Latticia OT Kaffeevollautomat, Milchsystem, Mahlwerk, f\u00fcr Kaffee &#038; Cappuccino, Silber\/Schwarz"},"content":{"rendered":"<p><strong>Product Overview<\/strong><\/p>\n<ul>\n<li>\n<strong>Marke:<\/strong> Melitta<\/li>\n<li>\n<strong>Kapazit\u00e4t:<\/strong> 1,5 Liter<\/li>\n<li>\n<strong>Farbe:<\/strong> Silber\/Schwarz<\/li>\n<li>\n<strong>Produktabmessungen:<\/strong> 20T x 45,9B x 35,2H cm<\/li>\n<li>\n<strong>Besonderes Merkmal:<\/strong> <\/li>\n<\/ul>\n<p><strong>Product Features<\/strong><\/p>\n<ul>\n<li>XL-Kaffeevergn\u00fcgen: Die kleine Kaffeemaschine verf\u00fcgt trotz ihrer kompakten Gr\u00f6\u00dfe \u00fcber einen XL-Wassertank (1,5 l) und einen Bohnenbeh\u00e4lter f\u00fcr max. 250 g Kaffeebohnen<\/li>\n<li>LATTEperfection System: Der Kaffeeautomat kreiert Kaffee-Milch-Spezialit\u00e4ten mit doppelt aufgesch\u00e4umter Milch \u2013 f\u00fcr feinporigen Milchschaum mit perfekter Temperatur<\/li>\n<li>Authentischer Geschmack: Der Melitta Kaffeevollautomat f\u00fcgt die Zutaten durch den \u201eItalian Preparation Process\u201c nach italienischem Originalrezept zusammen<\/li>\n<li>Maximale Aromen: Durch die Vorbr\u00fchfunktion (\u201ePre-Infusion\u201c) wird das gemahlene Kaffeemehl kurz angefeuchtet, bevor der Vollautomat mit dem Br\u00fchvorgang beginnt<\/li>\n<li>Melitta Companion App: Unsere kostenlose Companion App bietet komfortable Servicefunktionen f\u00fcr Deine Cappuccino Maschine und liefert spannende Informationen rund um den Kaffeegenuss<\/li>\n<\/ul>\n<p><strong>Product Information<\/strong><\/p>\n<ul>\n<table style=\"margin-bottom:20px\">\n<tbody>\n<tr>\n<td><strong>Besondere Eigenschaften<\/strong><\/td>\n<td>Milchaufsch\u00e4umer, One Touch, Fl\u00fcsterleises Mahlwerk, XL Wassertank und Bohnenbeh\u00e4lter, Entnehmbare Br\u00fchgruppe, Automatisches Reinigungs- und Entkalkungsprogramm, einstellbare Kaffeest\u00e4rke, Stufenlose Mengenanpassung, H\u00f6henverstellbarer Auslauf, Service-Men\u00fc-Tasse, 2 Tassen Funktion, Programmierbar, Tassenw\u00e4rmer<\/td>\n<\/tr>\n<tr>\n<td><strong>Kaffeemaschinentyp<\/strong><\/td>\n<td>Filterkaffeemaschine<\/td>\n<\/tr>\n<tr>\n<td><strong>Bestimmte Nutzungsm\u00f6gl. des Produkts<\/strong><\/td>\n<td>Kaffeebr\u00fchen<\/td>\n<\/tr>\n<tr>\n<td><strong>Empfohlene Verw.bereiche f\u00fcr Produkt<\/strong><\/td>\n<td>Reisen<\/td>\n<\/tr>\n<tr>\n<td><strong>Betriebsmodus<\/strong><\/td>\n<td>Vollautomatisch<\/td>\n<\/tr>\n<tr>\n<td><strong>Wattzahl<\/strong><\/td>\n<td>1450 Watt<\/td>\n<\/tr>\n<tr>\n<td><strong>Spannung<\/strong><\/td>\n<td>220<\/td>\n<\/tr>\n<tr>\n<td><strong>Eingabe \u00fcber Benutzeroberfl\u00e4che<\/strong><\/td>\n<td>Tasten, Tastenfeld<\/td>\n<\/tr>\n<tr>\n<td><strong>Geeigneter Kaffeeetyp<\/strong><\/td>\n<td>whole_beans<\/td>\n<\/tr>\n<tr>\n<td><strong>Energiequelle<\/strong><\/td>\n<td>Netzstrom<\/td>\n<\/tr>\n<tr>\n<td><strong>Filtertyp<\/strong><\/td>\n<td>Wiederverwendbar<\/td>\n<\/tr>\n<tr>\n<td><strong>Kapazit\u00e4t<\/strong><\/td>\n<td>1,5 Liter<\/td>\n<\/tr>\n<tr>\n<td><strong>Artikel Abmessungen T x B x H<\/strong><\/td>\n<td>20T x 45,9B x 35,2H cm<\/td>\n<\/tr>\n<tr>\n<td><strong>Artikelgewicht<\/strong><\/td>\n<td>7,7 Kilogramm<\/td>\n<\/tr>\n<tr>\n<td><strong>Anzahl der Artikel<\/strong><\/td>\n<td>1<\/td>\n<\/tr>\n<tr>\n<td><strong>Anzahl von Einheiten<\/strong><\/td>\n<td>1.0 st\u00fcck<\/td>\n<\/tr>\n<tr>\n<td><strong>Kaffeefiltergr\u00f6\u00dfe<\/strong><\/td>\n<td>#4<\/td>\n<\/tr>\n<tr>\n<td><strong>Material<\/strong><\/td>\n<td>Kunststoff<\/td>\n<\/tr>\n<tr>\n<td><strong>Au\u00dfenverkleidung<\/strong><\/td>\n<td>Silberfarben<\/td>\n<\/tr>\n<tr>\n<td><strong>Ist sp\u00fclmaschinenfest<\/strong><\/td>\n<td>Nein<\/td>\n<\/tr>\n<tr>\n<td><strong>Markenname<\/strong><\/td>\n<td>Melitta<\/td>\n<\/tr>\n<tr>\n<td><strong>Ursprungsland<\/strong><\/td>\n<td>Portugal<\/td>\n<\/tr>\n<tr>\n<td><strong>Enthaltene Komponenten<\/strong><\/td>\n<td>Abnehmbare Br\u00fcheinheit Edelstahl Tropfplatte Melitta App Kompatibilit\u00e4t<\/td>\n<\/tr>\n<tr>\n<td><strong>Modellname<\/strong><\/td>\n<td>F30-101<\/td>\n<\/tr>\n<tr>\n<td><strong>Modellnummer<\/strong><\/td>\n<td>F300-101<\/td>\n<\/tr>\n<tr>\n<td><strong>Verpackung<\/strong><\/td>\n<td>[Y]<\/td>\n<\/tr>\n<tr>\n<td><strong>Global Trade Identification Number<\/strong><\/td>\n<td>04006508224579<\/td>\n<\/tr>\n<tr>\n<td><strong>Hersteller<\/strong><\/td>\n<td>Melitta<\/td>\n<\/tr>\n<tr>\n<td><strong>Garantie f\u00fcr das Produkt<\/strong><\/td>\n<td>2 jahre herstellergarantie.<\/td>\n<\/tr>\n<tr>\n<td><strong>Teilenummer<\/strong><\/td>\n<td>F 300-101<\/td>\n<\/tr>\n<tr>\n<td><strong>Artikeltypbezeichnung<\/strong><\/td>\n<td>Kaffeevollautomat mit integriertem Milchsystem<\/td>\n<\/tr>\n<tr>\n<td><strong>Amazon Bestseller-Rang<\/strong><\/td>\n<td><\/td>\n<\/tr>\n<tr>\n<td><strong>ASIN<\/strong><\/td>\n<td>B09968BJ41<\/td>\n<\/tr>\n<tr>\n<td><strong>Durchschnittliche Kundenbewertung<\/strong><\/td>\n<td><\/td>\n<\/tr>\n<tr>\n<td><strong>Farbe<\/strong><\/td>\n<td>Silber\/Schwarz<\/td>\n<\/tr>\n<tr>\n<td><strong>Stil<\/strong><\/td>\n<td>Melitta Latticia OT schwarz<\/td>\n<\/tr>\n<\/tbody>\n<\/table>\n<\/ul>\n","protected":false},"excerpt":{"rendered":"<p>Product Overview Marke: Melitta Kapazit\u00e4t: 1,5 Liter Farbe: Silber\/Schwarz Produktabmessungen: 20T x 45,9B x 35,2H cm Besonderes Merkmal: Product Features<\/p>","protected":false},"featured_media":31871,"comment_status":"open","ping_status":"closed","template":"","meta":[],"product_brand":[],"product_cat":[150,151,152],"product_tag":[],"class_list":{"0":"post-31741","1":"product","2":"type-product","3":"status-publish","4":"has-post-thumbnail","6":"product_cat-collection-1","7":"product_cat-collection-2","8":"product_cat-startseite","10":"first","11":"instock","12":"sale","13":"shipping-taxable","14":"purchasable","15":"product-type-variable"},"jetpack_sharing_enabled":true,"_links":{"self":[{"href":"https:\/\/rollcap.store\/en\/wp-json\/wp\/v2\/product\/31741","targetHints":{"allow":["GET"]}}],"collection":[{"href":"https:\/\/rollcap.store\/en\/wp-json\/wp\/v2\/product"}],"about":[{"href":"https:\/\/rollcap.store\/en\/wp-json\/wp\/v2\/types\/product"}],"replies":[{"embeddable":true,"href":"https:\/\/rollcap.store\/en\/wp-json\/wp\/v2\/comments?post=31741"}],"version-history":[{"count":0,"href":"https:\/\/rollcap.store\/en\/wp-json\/wp\/v2\/product\/31741\/revisions"}],"wp:featuredmedia":[{"embeddable":true,"href":"https:\/\/rollcap.store\/en\/wp-json\/wp\/v2\/media\/31871"}],"wp:attachment":[{"href":"https:\/\/rollcap.store\/en\/wp-json\/wp\/v2\/media?parent=31741"}],"wp:term":[{"taxonomy":"product_brand","embeddable":true,"href":"https:\/\/rollcap.store\/en\/wp-json\/wp\/v2\/product_brand?post=31741"},{"taxonomy":"product_cat","embeddable":true,"href":"https:\/\/rollcap.store\/en\/wp-json\/wp\/v2\/product_cat?post=31741"},{"taxonomy":"product_tag","embeddable":true,"href":"https:\/\/rollcap.store\/en\/wp-json\/wp\/v2\/product_tag?post=31741"}],"curies":[{"name":"wp","href":"https:\/\/api.w.org\/{rel}","templated":true}]}}