{"id":31744,"date":"2026-04-09T16:30:31","date_gmt":"2026-04-09T16:30:31","guid":{"rendered":"https:\/\/rollcap.store\/product\/melitta-solo-kaffeevollautomat-mit-hohenverstellbarem-auslauf-kleine-kaffeemaschine-mit-abnehmbarem-wassertank-fur-z-b-espresso-oder-cafe-creme-pure-black\/"},"modified":"2026-04-09T16:44:34","modified_gmt":"2026-04-09T16:44:34","slug":"melitta-solo-kaffeevollautomat-mit-hohenverstellbarem-auslauf-kleine-kaffeemaschine-mit-abnehmbarem-wassertank-fur-z-b-espresso-oder-cafe-creme-pure-black","status":"publish","type":"product","link":"https:\/\/rollcap.store\/en\/product\/melitta-solo-kaffeevollautomat-mit-hohenverstellbarem-auslauf-kleine-kaffeemaschine-mit-abnehmbarem-wassertank-fur-z-b-espresso-oder-cafe-creme-pure-black\/","title":{"rendered":"Melitta Solo Kaffeevollautomat, h\u00f6henverstellbarer Auslauf, abnehmbarer Wassertank, f\u00fcr Espresso &#038; Caf\u00e9 Cr\u00e8me, Pure Black"},"content":{"rendered":"<p><strong>Product Overview<\/strong><\/p>\n<ul>\n<li>\n<strong>Marke:<\/strong> Melitta<\/li>\n<li>\n<strong>Kapazit\u00e4t:<\/strong> 1,2 Liter<\/li>\n<li>\n<strong>Farbe:<\/strong> Black (Pure Black)<\/li>\n<li>\n<strong>Produktabmessungen:<\/strong> 45,9T x 20B x 33,4H cm<\/li>\n<li>\n<strong>Besonderes Merkmal:<\/strong> <\/li>\n<\/ul>\n<p><strong>Product Features<\/strong><\/p>\n<ul>\n<li>Extra kleine Kaffeemaschine: Die Melitta Solo ist mit 20 cm Breite und h\u00f6henverstellbarem Auslauf einer der schmalsten Kaffeevollautomaten am Markt<\/li>\n<li>Individueller Kaffeegenuss: Der Vollautomat erm\u00f6glicht es Dir, die Kaffeest\u00e4rke dreistufig einzustellen und die Kaffeemenge stufenlos zu w\u00e4hlen \u2013 sogar w\u00e4hrend des Bezugs<\/li>\n<li>F\u00fcr jeden Geschmack: Der Melitta Kaffeevollautomat kann dank \u201eDouble Cup\u201c-Funktion zwei Getr\u00e4nke einer Kaffeespezialit\u00e4t gleichzeitig zubereiten<\/li>\n<li>Maximale Aromen: Durch die Vorbr\u00fchfunktion (\u201ePre-Infusion\u201c) wird das gemahlene Kaffeemehl kurz angefeuchtet, bevor der Kaffeeautomat mit dem Br\u00fchvorgang beginnt<\/li>\n<li>Melitta Companion App: Unsere kostenlose Companion App bietet komfortable Servicefunktionen f\u00fcr Deine Espressomaschine und liefert spannende Informationen rund um den Kaffeegenuss<\/li>\n<\/ul>\n<p><strong>Product Information<\/strong><\/p>\n<ul>\n<table style=\"margin-bottom:20px\">\n<tbody>\n<tr>\n<td><strong>Besondere Eigenschaften<\/strong><\/td>\n<td>Automatische Abschaltung, Display, Doppeltassenbezug, Entnehmbare Br\u00fcheinheit, H\u00f6henverstellbarer Auslauf, Programmierbar, Tassenw\u00e4rmer<\/td>\n<\/tr>\n<tr>\n<td><strong>Kaffeemaschinentyp<\/strong><\/td>\n<td>Espressomaschine<\/td>\n<\/tr>\n<tr>\n<td><strong>Bestimmte Nutzungsm\u00f6gl. des Produkts<\/strong><\/td>\n<td>Espresso-basierte Getr\u00e4nke<\/td>\n<\/tr>\n<tr>\n<td><strong>Empfohlene Verw.bereiche f\u00fcr Produkt<\/strong><\/td>\n<td>Espresso, Normaler Kaffee<\/td>\n<\/tr>\n<tr>\n<td><strong>Betriebsmodus<\/strong><\/td>\n<td>Vollautomatisch<\/td>\n<\/tr>\n<tr>\n<td><strong>Wattzahl<\/strong><\/td>\n<td>1400 Watt<\/td>\n<\/tr>\n<tr>\n<td><strong>Spannung<\/strong><\/td>\n<td>240 Volt<\/td>\n<\/tr>\n<tr>\n<td><strong>Eingabe \u00fcber Benutzeroberfl\u00e4che<\/strong><\/td>\n<td>Tasten<\/td>\n<\/tr>\n<tr>\n<td><strong>Geeigneter Kaffeeetyp<\/strong><\/td>\n<td>gemahlener Kaffee<\/td>\n<\/tr>\n<tr>\n<td><strong>Energiequelle<\/strong><\/td>\n<td>Wechselstrom<\/td>\n<\/tr>\n<tr>\n<td><strong>Filtertyp<\/strong><\/td>\n<td>Wiederverwendbar<\/td>\n<\/tr>\n<tr>\n<td><strong>Kapazit\u00e4t<\/strong><\/td>\n<td>1,2 Liter<\/td>\n<\/tr>\n<tr>\n<td><strong>Artikel Abmessungen T x B x H<\/strong><\/td>\n<td>45,9T x 20B x 33,4H cm<\/td>\n<\/tr>\n<tr>\n<td><strong>Artikelgewicht<\/strong><\/td>\n<td>8,6 Kilogramm<\/td>\n<\/tr>\n<tr>\n<td><strong>Anzahl der Artikel<\/strong><\/td>\n<td>1<\/td>\n<\/tr>\n<tr>\n<td><strong>Material<\/strong><\/td>\n<td>Kunststoff<\/td>\n<\/tr>\n<tr>\n<td><strong>Au\u00dfenverkleidung<\/strong><\/td>\n<td>Schwarz<\/td>\n<\/tr>\n<tr>\n<td><strong>Ist sp\u00fclmaschinenfest<\/strong><\/td>\n<td>Nein<\/td>\n<\/tr>\n<tr>\n<td><strong>Markenname<\/strong><\/td>\n<td>Melitta<\/td>\n<\/tr>\n<tr>\n<td><strong>Ursprungsland<\/strong><\/td>\n<td>China<\/td>\n<\/tr>\n<tr>\n<td><strong>Enthaltene Komponenten<\/strong><\/td>\n<td>1 x Melitta Bean to Cup Kaffeemaschine, SOLO Modell E950-222, Reinschwarz<\/td>\n<\/tr>\n<tr>\n<td><strong>Modellname<\/strong><\/td>\n<td>Solo<\/td>\n<\/tr>\n<tr>\n<td><strong>Modellnummer<\/strong><\/td>\n<td>E950-222<\/td>\n<\/tr>\n<tr>\n<td><strong>Global Trade Identification Number<\/strong><\/td>\n<td>04006508209866, 04006508210169<\/td>\n<\/tr>\n<tr>\n<td><strong>Hersteller<\/strong><\/td>\n<td>Melitta<\/td>\n<\/tr>\n<tr>\n<td><strong>UPC<\/strong><\/td>\n<td>787269485471<\/td>\n<\/tr>\n<tr>\n<td><strong>Teilenummer<\/strong><\/td>\n<td>6708702<\/td>\n<\/tr>\n<tr>\n<td><strong>Artikeltypbezeichnung<\/strong><\/td>\n<td>Kaffeevollautomat<\/td>\n<\/tr>\n<tr>\n<td><strong>Amazon Bestseller-Rang<\/strong><\/td>\n<td><\/td>\n<\/tr>\n<tr>\n<td><strong>ASIN<\/strong><\/td>\n<td>B00I3YL5T0<\/td>\n<\/tr>\n<tr>\n<td><strong>Durchschnittliche Kundenbewertung<\/strong><\/td>\n<td><\/td>\n<\/tr>\n<tr>\n<td><strong>Farbe<\/strong><\/td>\n<td>Black (Pure Black)<\/td>\n<\/tr>\n<tr>\n<td><strong>Stil<\/strong><\/td>\n<td>Kaffeevollautomat<\/td>\n<\/tr>\n<tr>\n<td><strong>Verf\u00fcgbarkeitsdauer f\u00fcr EU-Ersatzteile<\/strong><\/td>\n<td>2 Jahre<\/td>\n<\/tr>\n<\/tbody>\n<\/table>\n<\/ul>","protected":false},"excerpt":{"rendered":"<p>Product Overview Marke: Melitta Kapazit\u00e4t: 1,2 Liter Farbe: Black (Pure Black) Produktabmessungen: 45,9T x 20B x 33,4H cm Besonderes Merkmal:<\/p>","protected":false},"featured_media":31880,"comment_status":"open","ping_status":"closed","template":"","meta":[],"product_brand":[],"product_cat":[150,151,152],"product_tag":[],"class_list":{"0":"post-31744","1":"product","2":"type-product","3":"status-publish","4":"has-post-thumbnail","6":"product_cat-collection-1","7":"product_cat-collection-2","8":"product_cat-startseite","10":"first","11":"instock","12":"sale","13":"shipping-taxable","14":"purchasable","15":"product-type-variable"},"jetpack_sharing_enabled":true,"_links":{"self":[{"href":"https:\/\/rollcap.store\/en\/wp-json\/wp\/v2\/product\/31744","targetHints":{"allow":["GET"]}}],"collection":[{"href":"https:\/\/rollcap.store\/en\/wp-json\/wp\/v2\/product"}],"about":[{"href":"https:\/\/rollcap.store\/en\/wp-json\/wp\/v2\/types\/product"}],"replies":[{"embeddable":true,"href":"https:\/\/rollcap.store\/en\/wp-json\/wp\/v2\/comments?post=31744"}],"version-history":[{"count":0,"href":"https:\/\/rollcap.store\/en\/wp-json\/wp\/v2\/product\/31744\/revisions"}],"wp:featuredmedia":[{"embeddable":true,"href":"https:\/\/rollcap.store\/en\/wp-json\/wp\/v2\/media\/31880"}],"wp:attachment":[{"href":"https:\/\/rollcap.store\/en\/wp-json\/wp\/v2\/media?parent=31744"}],"wp:term":[{"taxonomy":"product_brand","embeddable":true,"href":"https:\/\/rollcap.store\/en\/wp-json\/wp\/v2\/product_brand?post=31744"},{"taxonomy":"product_cat","embeddable":true,"href":"https:\/\/rollcap.store\/en\/wp-json\/wp\/v2\/product_cat?post=31744"},{"taxonomy":"product_tag","embeddable":true,"href":"https:\/\/rollcap.store\/en\/wp-json\/wp\/v2\/product_tag?post=31744"}],"curies":[{"name":"wp","href":"https:\/\/api.w.org\/{rel}","templated":true}]}}