{"id":31754,"date":"2026-04-09T16:30:32","date_gmt":"2026-04-09T16:30:32","guid":{"rendered":"https:\/\/rollcap.store\/product\/ninja-luxe-premier-3-in-1-kaffeemaschine-fur-espresso-cold-brew-filterkaffee-4-automatische-schaumeinstellunge-grau-metall-es601eugm\/"},"modified":"2026-04-09T16:44:33","modified_gmt":"2026-04-09T16:44:33","slug":"ninja-luxe-premier-3-in-1-kaffeemaschine-fur-espresso-cold-brew-filterkaffee-4-automatische-schaumeinstellunge-grau-metall-es601eugm","status":"publish","type":"product","link":"https:\/\/rollcap.store\/en\/product\/ninja-luxe-premier-3-in-1-kaffeemaschine-fur-espresso-cold-brew-filterkaffee-4-automatische-schaumeinstellunge-grau-metall-es601eugm\/","title":{"rendered":"Ninja Luxe Premier ES601EUGM 3-in-1 Kaffeemaschine, Espresso, Cold Brew &#038; Filterkaffee, 4 Schaumeinstellungen, Grau-Metall"},"content":{"rendered":"<p><strong>Product Overview<\/strong><\/p>\n<ul>\n<li>\n<strong>Marke:<\/strong> Ninja<\/li>\n<li>\n<strong>Kapazit\u00e4t:<\/strong> 2 Liter, 250 Gramm<\/li>\n<li>\n<strong>Farbe:<\/strong> Silber<\/li>\n<li>\n<strong>Produktabmessungen:<\/strong> 34,4T x 35,5B x 37,2H cm<\/li>\n<li>\n<strong>Besonderes Merkmal:<\/strong> Integriertes Mahlwerk, sp\u00fclmaschinenfest im oberen Korb.<\/li>\n<\/ul>\n<p><strong>Product Features<\/strong><\/p>\n<ul>\n<li>EXKLUSIV BEI AMAZON: Grau-Metall. 3 MASCHINEN IN 1: Genie\u00dfen Sie Caf\u00e9-Favoriten mit dieser Espresso-, Cold-Brew- und Filterkaffeemaschine nun auch zu Hause. Sie enth\u00e4lt au\u00dferdem ein integriertes Scheiben-Mahlwerk, einen Milchaufsch\u00e4umer &#038; Siebtr\u00e4ger<\/li>\n<li>MIKROSCHAUM AUF KNOPFDRUCK: Der Aufsch\u00e4umer dampft und quirlt gleichzeitig und verwandelt Kuh- bzw. Pflanzenmilch in Mikroschaum mit 4 Voreinstellungen: ged\u00e4mpfte Milch, d\u00fcnner Milchschaum, dicker Milchschaum und kalter Milchschaum<\/li>\n<li>BARISTA-ASSIST-TECHNOLOGIE: Mit Mahlwerk und Aufsch\u00e4umer, automatischen Voreinstellungen, Druck sowie einer integrierten Waage und Empfehlungen k\u00f6nnen Sie perfekt ausgewogenen Kaffee zubereiten<\/li>\n<li>INHALT: Schaumkanne mit integriertem Schneebesen, integriertes Mahlwerk, Reinigungsb\u00fcrste, Starter-Set (Siebtr\u00e4ger, Einzelkorb, Doppelkorb, Luxe-Korb, Trichter und Hilfs-Stopfer), Reinigungsset, Wasserh\u00e4rtetest-Set und Rezeptanleitung<\/li>\n<li>ABMESSUNGEN: H: 37,2 x B: 33,6 x L: 34,4 cm. Gewicht: 17 kg. Farbe: Grau-Metall<\/li>\n<\/ul>\n<p><strong>Product Information<\/strong><\/p>\n<ul>\n<table style=\"margin-bottom:20px\">\n<tbody>\n<tr>\n<td><strong>Besondere Eigenschaften<\/strong><\/td>\n<td>Integriertes Mahlwerk, sp\u00fclmaschinenfest im oberen Korb.<\/td>\n<\/tr>\n<tr>\n<td><strong>Kaffeemaschinentyp<\/strong><\/td>\n<td>Espressomaschine<\/td>\n<\/tr>\n<tr>\n<td><strong>Bestimmte Nutzungsm\u00f6gl. des Produkts<\/strong><\/td>\n<td>Cappuccino, Espresso, Kaffee filtern, Lattee<\/td>\n<\/tr>\n<tr>\n<td><strong>Betriebsmodus<\/strong><\/td>\n<td>Vollautomatisch<\/td>\n<\/tr>\n<tr>\n<td><strong>Spannung<\/strong><\/td>\n<td>240 Volt<\/td>\n<\/tr>\n<tr>\n<td><strong>Geeigneter Kaffeeetyp<\/strong><\/td>\n<td>COFFEE_BEANS<\/td>\n<\/tr>\n<tr>\n<td><strong>Energiequelle<\/strong><\/td>\n<td>Netzteil<\/td>\n<\/tr>\n<tr>\n<td><strong>Filtertyp<\/strong><\/td>\n<td>Wiederverwendbar<\/td>\n<\/tr>\n<tr>\n<td><strong>Kapazit\u00e4t<\/strong><\/td>\n<td>2 Liter, 250 Gramm<\/td>\n<\/tr>\n<tr>\n<td><strong>Artikel Abmessungen T x B x H<\/strong><\/td>\n<td>34,4T x 35,5B x 37,2H cm<\/td>\n<\/tr>\n<tr>\n<td><strong>Artikelgewicht<\/strong><\/td>\n<td>17 Kilogramm<\/td>\n<\/tr>\n<tr>\n<td><strong>Anzahl der Artikel<\/strong><\/td>\n<td>1<\/td>\n<\/tr>\n<tr>\n<td><strong>Anzahl von Einheiten<\/strong><\/td>\n<td>1.0 st\u00fcck<\/td>\n<\/tr>\n<tr>\n<td><strong>Kaffeefiltergr\u00f6\u00dfe<\/strong><\/td>\n<td>#6<\/td>\n<\/tr>\n<tr>\n<td><strong>Material<\/strong><\/td>\n<td>Stainless Steel<\/td>\n<\/tr>\n<tr>\n<td><strong>Ist sp\u00fclmaschinenfest<\/strong><\/td>\n<td>Ja<\/td>\n<\/tr>\n<tr>\n<td><strong>Markenname<\/strong><\/td>\n<td>Ninja<\/td>\n<\/tr>\n<tr>\n<td><strong>Ursprungsland<\/strong><\/td>\n<td>China<\/td>\n<\/tr>\n<tr>\n<td><strong>Enthaltene Komponenten<\/strong><\/td>\n<td>Bedienungsanleitung, Filtern, Milchaufsch\u00e4umer<\/td>\n<\/tr>\n<tr>\n<td><strong>Modellnummer<\/strong><\/td>\n<td>ES601EUGM<\/td>\n<\/tr>\n<tr>\n<td><strong>Hersteller<\/strong><\/td>\n<td>Ninja<\/td>\n<\/tr>\n<tr>\n<td><strong>UPC<\/strong><\/td>\n<td>622356345743<\/td>\n<\/tr>\n<tr>\n<td><strong>Teilenummer<\/strong><\/td>\n<td>ES601EUGM<\/td>\n<\/tr>\n<tr>\n<td><strong>Artikeltypbezeichnung<\/strong><\/td>\n<td>Kaffeemaschine<\/td>\n<\/tr>\n<tr>\n<td><strong>Amazon Bestseller-Rang<\/strong><\/td>\n<td><\/td>\n<\/tr>\n<tr>\n<td><strong>ASIN<\/strong><\/td>\n<td>B0FHL3C7KP<\/td>\n<\/tr>\n<tr>\n<td><strong>Durchschnittliche Kundenbewertung<\/strong><\/td>\n<td><\/td>\n<\/tr>\n<tr>\n<td><strong>Farbe<\/strong><\/td>\n<td>Silber<\/td>\n<\/tr>\n<tr>\n<td><strong>Stil<\/strong><\/td>\n<td>Premier &#8211; Amazon Exklusiv<\/td>\n<\/tr>\n<\/tbody>\n<\/table>\n<\/ul>","protected":false},"excerpt":{"rendered":"<p>Product Overview Marke: Ninja Kapazit\u00e4t: 2 Liter, 250 Gramm Farbe: Silber Produktabmessungen: 34,4T x 35,5B x 37,2H cm Besonderes Merkmal:<\/p>","protected":false},"featured_media":31893,"comment_status":"open","ping_status":"closed","template":"","meta":[],"product_brand":[],"product_cat":[150,151,152],"product_tag":[],"class_list":{"0":"post-31754","1":"product","2":"type-product","3":"status-publish","4":"has-post-thumbnail","6":"product_cat-collection-1","7":"product_cat-collection-2","8":"product_cat-startseite","10":"first","11":"instock","12":"sale","13":"shipping-taxable","14":"purchasable","15":"product-type-variable"},"jetpack_sharing_enabled":true,"_links":{"self":[{"href":"https:\/\/rollcap.store\/en\/wp-json\/wp\/v2\/product\/31754","targetHints":{"allow":["GET"]}}],"collection":[{"href":"https:\/\/rollcap.store\/en\/wp-json\/wp\/v2\/product"}],"about":[{"href":"https:\/\/rollcap.store\/en\/wp-json\/wp\/v2\/types\/product"}],"replies":[{"embeddable":true,"href":"https:\/\/rollcap.store\/en\/wp-json\/wp\/v2\/comments?post=31754"}],"version-history":[{"count":0,"href":"https:\/\/rollcap.store\/en\/wp-json\/wp\/v2\/product\/31754\/revisions"}],"wp:featuredmedia":[{"embeddable":true,"href":"https:\/\/rollcap.store\/en\/wp-json\/wp\/v2\/media\/31893"}],"wp:attachment":[{"href":"https:\/\/rollcap.store\/en\/wp-json\/wp\/v2\/media?parent=31754"}],"wp:term":[{"taxonomy":"product_brand","embeddable":true,"href":"https:\/\/rollcap.store\/en\/wp-json\/wp\/v2\/product_brand?post=31754"},{"taxonomy":"product_cat","embeddable":true,"href":"https:\/\/rollcap.store\/en\/wp-json\/wp\/v2\/product_cat?post=31754"},{"taxonomy":"product_tag","embeddable":true,"href":"https:\/\/rollcap.store\/en\/wp-json\/wp\/v2\/product_tag?post=31754"}],"curies":[{"name":"wp","href":"https:\/\/api.w.org\/{rel}","templated":true}]}}