{"id":31760,"date":"2026-04-09T16:30:32","date_gmt":"2026-04-09T16:30:32","guid":{"rendered":"https:\/\/rollcap.store\/product\/philips-2300-series-kaffeevollautomat-4-getranke-modernes-farb-touchscreen-display-lattego-milchsystem-silentbrew-100-keramikmahlwerk-aquaclean-filter-mattschwarz-ep2330-10\/"},"modified":"2026-04-09T16:44:31","modified_gmt":"2026-04-09T16:44:31","slug":"philips-2300-series-kaffeevollautomat-4-getranke-modernes-farb-touchscreen-display-lattego-milchsystem-silentbrew-100-keramikmahlwerk-aquaclean-filter-mattschwarz-ep2330-10","status":"publish","type":"product","link":"https:\/\/rollcap.store\/en\/product\/philips-2300-series-kaffeevollautomat-4-getranke-modernes-farb-touchscreen-display-lattego-milchsystem-silentbrew-100-keramikmahlwerk-aquaclean-filter-mattschwarz-ep2330-10\/","title":{"rendered":"Philips 2300 Series EP2330\/10 Kaffeevollautomat, 4 Getr\u00e4nke, LatteGo, Keramikmahlwerk, SilentBrew, AquaClean, Touchscreen, Mattschwarz"},"content":{"rendered":"<p><strong>Product Overview<\/strong><\/p>\n<ul>\n<li>\n<strong>Marke:<\/strong> Philips<\/li>\n<li>\n<strong>Kapazit\u00e4t:<\/strong> 1,8 Liter<\/li>\n<li>\n<strong>Farbe:<\/strong> Mattschwarz<\/li>\n<li>\n<strong>Produktabmessungen:<\/strong> 24,6T x 37,1B x 43,3H cm<\/li>\n<li>\n<strong>Besonderes Merkmal:<\/strong> LatteGo, SilentBrew, My Coffee Choice<\/li>\n<\/ul>\n<p><strong>Product Features<\/strong><\/p>\n<ul>\n<li>SAMTIG-CREMIGER MILCHSCHAUM: Die LatteGo bereitet automatisch samtig-cremigen Milchschaum f\u00fcr Ihren Milchkaffee mit verschiedenen Milchsorten zu. LatteGo ist unser am schnellsten zu reinigendes Milchsystem: 2 Teile, keine Schl\u00e4uche<\/li>\n<li>EINFACHE KAFFEEAUSWAHL: Dank des modernen Touchscreen-Displays mit farbigen Symbolen k\u00f6nnen Sie Ihre Lieblingsgetr\u00e4nke ganz einfach ausw\u00e4hlen.<\/li>\n<li>EINFACHE ANPASSUNG: Mit der My Coffee Choice-Funktion k\u00f6nnen Sie die Kaffeespezialit\u00e4ten ganz nach Ihrem Geschmack zubereiten: W\u00e4hlen Sie Ihre bevorzugte Kaffeest\u00e4rke, Gr\u00f6\u00dfe und Milchschaummenge.<\/li>\n<li>SILENTBREW: Leise Zubereitung von aromatischem Kaffee mit unserer branchenf\u00fchrenden SilentBrew-Technologie.<\/li>\n<li>AQUACLEAN FILTER: Wenn Sie den Filter nach Aufforderung durch die Maschine wechseln, brauchen Sie Ihre Maschine bis zu 5000 Tassen*** lang nicht zu entkalken und k\u00f6nnen Ihren Kaffee mit klarem und gereinigtem Wasser genie\u00dfen.<\/li>\n<li>LANGLEBIGES KERAMIKMAHLWERK: Bringen Sie den vollen Geschmack Ihres Kaffees mit unserem strapazierf\u00e4higen Keramikmahlwerk zur Geltung. Das langlebige Keramikmahlwerk kann in 12 Stufen von fein bis grob eingestellt werden.<\/li>\n<\/ul>\n<p><strong>Product Information<\/strong><\/p>\n<ul>\n<table style=\"margin-bottom:20px\">\n<tbody>\n<tr>\n<td><strong>Besondere Eigenschaften<\/strong><\/td>\n<td>LatteGo, SilentBrew, My Coffee Choice<\/td>\n<\/tr>\n<tr>\n<td><strong>Kaffeemaschinentyp<\/strong><\/td>\n<td>Espressomaschine<\/td>\n<\/tr>\n<tr>\n<td><strong>Bestimmte Nutzungsm\u00f6gl. des Produkts<\/strong><\/td>\n<td>Cappuccino, Espresso<\/td>\n<\/tr>\n<tr>\n<td><strong>Empfohlene Verw.bereiche f\u00fcr Produkt<\/strong><\/td>\n<td>F\u00fcr die Zubereitung von Espressogetr\u00e4nken (Espresso-based drinks)<\/td>\n<\/tr>\n<tr>\n<td><strong>Betriebsmodus<\/strong><\/td>\n<td>Vollautomatisch<\/td>\n<\/tr>\n<tr>\n<td><strong>Wattzahl<\/strong><\/td>\n<td>230 Watt<\/td>\n<\/tr>\n<tr>\n<td><strong>Spannung<\/strong><\/td>\n<td>230.0<\/td>\n<\/tr>\n<tr>\n<td><strong>Eingabe \u00fcber Benutzeroberfl\u00e4che<\/strong><\/td>\n<td>Touchscreen<\/td>\n<\/tr>\n<tr>\n<td><strong>Geeigneter Kaffeeetyp<\/strong><\/td>\n<td>gemahlen<\/td>\n<\/tr>\n<tr>\n<td><strong>Energiequelle<\/strong><\/td>\n<td>Netzteil<\/td>\n<\/tr>\n<tr>\n<td><strong>Filtertyp<\/strong><\/td>\n<td>Wiederverwendbar<\/td>\n<\/tr>\n<tr>\n<td><strong>Kapazit\u00e4t<\/strong><\/td>\n<td>1,8 Liter<\/td>\n<\/tr>\n<tr>\n<td><strong>Artikel Abmessungen T x B x H<\/strong><\/td>\n<td>24,6T x 37,1B x 43,3H cm<\/td>\n<\/tr>\n<tr>\n<td><strong>Artikelgewicht<\/strong><\/td>\n<td>8 Kilogramm<\/td>\n<\/tr>\n<tr>\n<td><strong>Anzahl der Artikel<\/strong><\/td>\n<td>1<\/td>\n<\/tr>\n<tr>\n<td><strong>Anzahl von Einheiten<\/strong><\/td>\n<td>8.0 Kilogramms<\/td>\n<\/tr>\n<tr>\n<td><strong>Markenname<\/strong><\/td>\n<td>Philips<\/td>\n<\/tr>\n<tr>\n<td><strong>Enthaltene Komponenten<\/strong><\/td>\n<td>LatteGo-Aufbewahrungsdeckel<\/td>\n<\/tr>\n<tr>\n<td><strong>Modellname<\/strong><\/td>\n<td>Philips Series 3300<\/td>\n<\/tr>\n<tr>\n<td><strong>Modellnummer<\/strong><\/td>\n<td>EP2330\/10<\/td>\n<\/tr>\n<tr>\n<td><strong>Hersteller<\/strong><\/td>\n<td>Philips<\/td>\n<\/tr>\n<tr>\n<td><strong>Teilenummer<\/strong><\/td>\n<td>EP2330\/10<\/td>\n<\/tr>\n<tr>\n<td><strong>Artikeltypbezeichnung<\/strong><\/td>\n<td>Kaffeevollautomat<\/td>\n<\/tr>\n<tr>\n<td><strong>Amazon Bestseller-Rang<\/strong><\/td>\n<td><\/td>\n<\/tr>\n<tr>\n<td><strong>ASIN<\/strong><\/td>\n<td>B0CDCCZ9K8<\/td>\n<\/tr>\n<tr>\n<td><strong>Durchschnittliche Kundenbewertung<\/strong><\/td>\n<td><\/td>\n<\/tr>\n<tr>\n<td><strong>Farbe<\/strong><\/td>\n<td>Mattschwarz<\/td>\n<\/tr>\n<tr>\n<td><strong>Stil<\/strong><\/td>\n<td>Latte Go<\/td>\n<\/tr>\n<tr>\n<td><strong>Material<\/strong><\/td>\n<td>Kunststoff<\/td>\n<\/tr>\n<tr>\n<td><strong>Au\u00dfenverkleidung<\/strong><\/td>\n<td>Matt<\/td>\n<\/tr>\n<tr>\n<td><strong>Ist sp\u00fclmaschinenfest<\/strong><\/td>\n<td>Nein<\/td>\n<\/tr>\n<\/tbody>\n<\/table>\n<\/ul>","protected":false},"excerpt":{"rendered":"<p>Product Overview Marke: Philips Kapazit\u00e4t: 1,8 Liter Farbe: Mattschwarz Produktabmessungen: 24,6T x 37,1B x 43,3H cm Besonderes Merkmal: LatteGo, SilentBrew,<\/p>","protected":false},"featured_media":31905,"comment_status":"open","ping_status":"closed","template":"","meta":[],"product_brand":[],"product_cat":[150,151,152],"product_tag":[],"class_list":{"0":"post-31760","1":"product","2":"type-product","3":"status-publish","4":"has-post-thumbnail","6":"product_cat-collection-1","7":"product_cat-collection-2","8":"product_cat-startseite","10":"first","11":"instock","12":"sale","13":"shipping-taxable","14":"purchasable","15":"product-type-variable"},"jetpack_sharing_enabled":true,"_links":{"self":[{"href":"https:\/\/rollcap.store\/en\/wp-json\/wp\/v2\/product\/31760","targetHints":{"allow":["GET"]}}],"collection":[{"href":"https:\/\/rollcap.store\/en\/wp-json\/wp\/v2\/product"}],"about":[{"href":"https:\/\/rollcap.store\/en\/wp-json\/wp\/v2\/types\/product"}],"replies":[{"embeddable":true,"href":"https:\/\/rollcap.store\/en\/wp-json\/wp\/v2\/comments?post=31760"}],"version-history":[{"count":0,"href":"https:\/\/rollcap.store\/en\/wp-json\/wp\/v2\/product\/31760\/revisions"}],"wp:featuredmedia":[{"embeddable":true,"href":"https:\/\/rollcap.store\/en\/wp-json\/wp\/v2\/media\/31905"}],"wp:attachment":[{"href":"https:\/\/rollcap.store\/en\/wp-json\/wp\/v2\/media?parent=31760"}],"wp:term":[{"taxonomy":"product_brand","embeddable":true,"href":"https:\/\/rollcap.store\/en\/wp-json\/wp\/v2\/product_brand?post=31760"},{"taxonomy":"product_cat","embeddable":true,"href":"https:\/\/rollcap.store\/en\/wp-json\/wp\/v2\/product_cat?post=31760"},{"taxonomy":"product_tag","embeddable":true,"href":"https:\/\/rollcap.store\/en\/wp-json\/wp\/v2\/product_tag?post=31760"}],"curies":[{"name":"wp","href":"https:\/\/api.w.org\/{rel}","templated":true}]}}