{"id":31768,"date":"2026-04-09T16:30:34","date_gmt":"2026-04-09T16:30:34","guid":{"rendered":"https:\/\/rollcap.store\/product\/philips-serie-5500-kaffeevollautomat-lattego-milchsystem-20-heisse-und-kalte-kaffeespezialitaten-40-leiser-mit-silentbrew-quickstart-schwarz-grau-ep5544-50\/"},"modified":"2026-04-09T16:44:30","modified_gmt":"2026-04-09T16:44:30","slug":"philips-serie-5500-kaffeevollautomat-lattego-milchsystem-20-heisse-und-kalte-kaffeespezialitaten-40-leiser-mit-silentbrew-quickstart-schwarz-grau-ep5544-50","status":"publish","type":"product","link":"https:\/\/rollcap.store\/en\/product\/philips-serie-5500-kaffeevollautomat-lattego-milchsystem-20-heisse-und-kalte-kaffeespezialitaten-40-leiser-mit-silentbrew-quickstart-schwarz-grau-ep5544-50\/","title":{"rendered":"Philips Series 5500 EP5544\/50 Kaffeevollautomat, 20 Getr\u00e4nke, LatteGo, SilentBrew, QuickStart, Schwarz\/Grau"},"content":{"rendered":"<p><strong>Product Overview<\/strong><\/p>\n<ul>\n<li>\n<strong>Marke:<\/strong> Philips<\/li>\n<li>\n<strong>Kapazit\u00e4t:<\/strong> 1,8 Liter<\/li>\n<li>\n<strong>Farbe:<\/strong> Mattschwarz, Silentbrew<\/li>\n<li>\n<strong>Produktabmessungen:<\/strong> 43,3T x 24,6B x 37,1H cm<\/li>\n<li>\n<strong>Besonderes Merkmal:<\/strong> Milchaufsch\u00e4umer, SilentBrew-Technologie<\/li>\n<\/ul>\n<p><strong>Product Features<\/strong><\/p>\n<ul>\n<li>20 HEISSE UND KALTE KAFFEESPEZIALIT\u00c4TEN AUS FRISCH GEMAHLENEN BOHNEN: Espresso, Cappuccino, Latte macchiato, Americano, Caf\u00e9 Crema, Ristretto, Milchkaffee, Iced Caf\u00e9, Iced Americano, Iced Espresso u. v. m. \u2013 genie\u00dfen Sie 20 Spezialit\u00e4ten!<\/li>\n<li>LATTEGO MILCHSYSTEM: Zaubern Sie samtig cremigen Milchschaum auf Knopfdruck, sogar mit pflanzlichen Milchalternativen<\/li>\n<li>SILENT BREW TECHNOLOGIE: Unsere patentierte SilentBrew Technologie reduziert Ger\u00e4usche f\u00fcr ein angenehmeres Erlebnis. Durch Schallschutz und leisen Mahlvorgang sind unsere Vollautomaten bis zu 40 % leiser als fr\u00fchere Modelle und Quiet Mark-zertifiziert.<\/li>\n<li>EINFACH ZU REINIGENDES LATTEGO MILCHSYSTEM: Mit nur 2 Teilen und ohne Schl\u00e4uche kann unser Milchsystem in weniger als 10 Sekunden gereinigt werden der Sp\u00fclvorgang erfolgt, wenn sich die Maschine abschaltet.<\/li>\n<li>QUICKSTART: Unsere QuickStart-Funktion erm\u00f6glicht es Ihnen, Ihre Maschine einzuschalten und sofort einen Kaffee zu br\u00fchen. Ihr Ger\u00e4t heizt entsprechend dem ausgew\u00e4hlten Rezept auf.<\/li>\n<\/ul>\n<p><strong>Product Information<\/strong><\/p>\n<ul>\n<table style=\"margin-bottom:20px\">\n<tbody>\n<tr>\n<td><strong>Besondere Eigenschaften<\/strong><\/td>\n<td>Milchaufsch\u00e4umer, SilentBrew-Technologie<\/td>\n<\/tr>\n<tr>\n<td><strong>Kaffeemaschinentyp<\/strong><\/td>\n<td>Espressomaschine<\/td>\n<\/tr>\n<tr>\n<td><strong>Bestimmte Nutzungsm\u00f6gl. des Produkts<\/strong><\/td>\n<td>Espresso<\/td>\n<\/tr>\n<tr>\n<td><strong>Empfohlene Verw.bereiche f\u00fcr Produkt<\/strong><\/td>\n<td>Zubereitung von Kaffeegetr\u00e4nken auf Espressobasis zu Hause<\/td>\n<\/tr>\n<tr>\n<td><strong>Betriebsmodus<\/strong><\/td>\n<td>Halbautomatisch<\/td>\n<\/tr>\n<tr>\n<td><strong>Wattzahl<\/strong><\/td>\n<td>1500 Watt<\/td>\n<\/tr>\n<tr>\n<td><strong>Spannung<\/strong><\/td>\n<td>220.0<\/td>\n<\/tr>\n<tr>\n<td><strong>Eingabe \u00fcber Benutzeroberfl\u00e4che<\/strong><\/td>\n<td>Tasten<\/td>\n<\/tr>\n<tr>\n<td><strong>Geeigneter Kaffeeetyp<\/strong><\/td>\n<td>whole_beans<\/td>\n<\/tr>\n<tr>\n<td><strong>Energiequelle<\/strong><\/td>\n<td>AC adapter<\/td>\n<\/tr>\n<tr>\n<td><strong>Filtertyp<\/strong><\/td>\n<td>Wiederverwendbar<\/td>\n<\/tr>\n<tr>\n<td><strong>Kapazit\u00e4t<\/strong><\/td>\n<td>1,8 Liter<\/td>\n<\/tr>\n<tr>\n<td><strong>Artikel Abmessungen T x B x H<\/strong><\/td>\n<td>43,3T x 24,6B x 37,1H cm<\/td>\n<\/tr>\n<tr>\n<td><strong>Artikelgewicht<\/strong><\/td>\n<td>8 Kilogramm<\/td>\n<\/tr>\n<tr>\n<td><strong>Anzahl der Artikel<\/strong><\/td>\n<td>1<\/td>\n<\/tr>\n<tr>\n<td><strong>Anzahl von Einheiten<\/strong><\/td>\n<td>1.0 st\u00fcck<\/td>\n<\/tr>\n<tr>\n<td><strong>Markenname<\/strong><\/td>\n<td>Philips<\/td>\n<\/tr>\n<tr>\n<td><strong>Enthaltene Komponenten<\/strong><\/td>\n<td>Siebtr\u00e4ger, Milchaufsch\u00e4umer<\/td>\n<\/tr>\n<tr>\n<td><strong>Modellnummer<\/strong><\/td>\n<td>EP5544\/50<\/td>\n<\/tr>\n<tr>\n<td><strong>Hersteller<\/strong><\/td>\n<td>Philips<\/td>\n<\/tr>\n<tr>\n<td><strong>Teilenummer<\/strong><\/td>\n<td>EP5544\/50<\/td>\n<\/tr>\n<tr>\n<td><strong>Artikeltypbezeichnung<\/strong><\/td>\n<td>Espressomaschine<\/td>\n<\/tr>\n<tr>\n<td><strong>Amazon Bestseller-Rang<\/strong><\/td>\n<td><\/td>\n<\/tr>\n<tr>\n<td><strong>ASIN<\/strong><\/td>\n<td>B0CTCQKJ1B<\/td>\n<\/tr>\n<tr>\n<td><strong>Durchschnittliche Kundenbewertung<\/strong><\/td>\n<td><\/td>\n<\/tr>\n<tr>\n<td><strong>Farbe<\/strong><\/td>\n<td>Mattschwarz, Silentbrew<\/td>\n<\/tr>\n<tr>\n<td><strong>Stil<\/strong><\/td>\n<td>Minimalistisch<\/td>\n<\/tr>\n<tr>\n<td><strong>Material<\/strong><\/td>\n<td>Kunststoff<\/td>\n<\/tr>\n<tr>\n<td><strong>Au\u00dfenverkleidung<\/strong><\/td>\n<td>Grau<\/td>\n<\/tr>\n<tr>\n<td><strong>Ist sp\u00fclmaschinenfest<\/strong><\/td>\n<td>Nein<\/td>\n<\/tr>\n<\/tbody>\n<\/table>\n<\/ul>","protected":false},"excerpt":{"rendered":"<p>Product Overview Marke: Philips Kapazit\u00e4t: 1,8 Liter Farbe: Mattschwarz, Silentbrew Produktabmessungen: 43,3T x 24,6B x 37,1H cm Besonderes Merkmal: Milchaufsch\u00e4umer,<\/p>","protected":false},"featured_media":31913,"comment_status":"open","ping_status":"closed","template":"","meta":[],"product_brand":[],"product_cat":[150,151,152],"product_tag":[],"class_list":{"0":"post-31768","1":"product","2":"type-product","3":"status-publish","4":"has-post-thumbnail","6":"product_cat-collection-1","7":"product_cat-collection-2","8":"product_cat-startseite","10":"first","11":"instock","12":"sale","13":"shipping-taxable","14":"purchasable","15":"product-type-variable"},"jetpack_sharing_enabled":true,"_links":{"self":[{"href":"https:\/\/rollcap.store\/en\/wp-json\/wp\/v2\/product\/31768","targetHints":{"allow":["GET"]}}],"collection":[{"href":"https:\/\/rollcap.store\/en\/wp-json\/wp\/v2\/product"}],"about":[{"href":"https:\/\/rollcap.store\/en\/wp-json\/wp\/v2\/types\/product"}],"replies":[{"embeddable":true,"href":"https:\/\/rollcap.store\/en\/wp-json\/wp\/v2\/comments?post=31768"}],"version-history":[{"count":0,"href":"https:\/\/rollcap.store\/en\/wp-json\/wp\/v2\/product\/31768\/revisions"}],"wp:featuredmedia":[{"embeddable":true,"href":"https:\/\/rollcap.store\/en\/wp-json\/wp\/v2\/media\/31913"}],"wp:attachment":[{"href":"https:\/\/rollcap.store\/en\/wp-json\/wp\/v2\/media?parent=31768"}],"wp:term":[{"taxonomy":"product_brand","embeddable":true,"href":"https:\/\/rollcap.store\/en\/wp-json\/wp\/v2\/product_brand?post=31768"},{"taxonomy":"product_cat","embeddable":true,"href":"https:\/\/rollcap.store\/en\/wp-json\/wp\/v2\/product_cat?post=31768"},{"taxonomy":"product_tag","embeddable":true,"href":"https:\/\/rollcap.store\/en\/wp-json\/wp\/v2\/product_tag?post=31768"}],"curies":[{"name":"wp","href":"https:\/\/api.w.org\/{rel}","templated":true}]}}