{"id":31776,"date":"2026-04-09T16:30:34","date_gmt":"2026-04-09T16:30:34","guid":{"rendered":"https:\/\/rollcap.store\/product\/sage-the-barista-express-impress-kaffeemaschine-mit-manuellem-milchaufschumer-integriertem-mahlwerk-intelligente-dosierung-25-mahlgradeinstellungen-gebrsteter-edelstahl\/"},"modified":"2026-04-09T16:44:29","modified_gmt":"2026-04-09T16:44:29","slug":"sage-the-barista-express-impress-kaffeemaschine-mit-manuellem-milchaufschumer-integriertem-mahlwerk-intelligente-dosierung-25-mahlgradeinstellungen-gebrsteter-edelstahl","status":"publish","type":"product","link":"https:\/\/rollcap.store\/en\/product\/sage-the-barista-express-impress-kaffeemaschine-mit-manuellem-milchaufschumer-integriertem-mahlwerk-intelligente-dosierung-25-mahlgradeinstellungen-gebrsteter-edelstahl\/","title":{"rendered":"Sage Barista Express Impress Kaffeemaschine, Mahlwerk, 25 Mahlgradeinstellungen, intelligente Dosierung, manueller Milchaufsch\u00e4umer, Edelstahl"},"content":{"rendered":"<p><strong>Product Overview<\/strong><\/p>\n<ul>\n<li>\n<strong>Marke:<\/strong> Sage<\/li>\n<li>\n<strong>Kapazit\u00e4t:<\/strong> 480 Milliliter<\/li>\n<li>\n<strong>Farbe:<\/strong> Geb\u00fcrsteter Edelstahl<\/li>\n<li>\n<strong>Produktabmessungen:<\/strong> 41T x 33B x 38H cm<\/li>\n<li>\n<strong>Besonderes Merkmal:<\/strong> Coffee Grinder<\/li>\n<\/ul>\n<p><strong>Product Features<\/strong><\/p>\n<ul>\n<li>Pr\u00e4zise Espressozubereitung: Sage Barista Express Impress liefert Kaffeespezialit\u00e4ten f\u00fcr zu Hause, mit dem innovativen Impress-Puck-System f\u00fcr m\u00fchelose und effektivere Espressozubereitung<\/li>\n<li>Intelligentes Dosiersystem: Erleben Sie Pr\u00e4zision in jeder Tasse mit dem intelligenten Dosiersystem, das die Menge des frischen Kaffees automatisch berechnet und anpasst, um die perfekte Dosis zu erhalten<\/li>\n<li>Unterst\u00fctztes Tampern: In Anlehnung an professionelle Barista-Techniken \u00fcbt die Tamperhilfe einen gleichm\u00e4\u00dfigen Druck von 10 kg aus und sorgt so f\u00fcr eine polierte Puck-Oberfl\u00e4che und eine saubere Tamperfl\u00e4che<\/li>\n<li>Kaufen und registrieren Sie eine Sage Espresso- oder Kaffeemaschine und erhalten Sie 2 beutel frischer Bohnen von Deutschlands besten R\u00f6stereien<\/li>\n<li>Vielseitige Mahloptionen: Mit dem integrierten Kegelmahlwerk und 25 Einstellungen k\u00f6nnen Sie den Mahlgrad an Ihre Kaffeebohnen anpassen. So erreichen Sie das gew\u00fcnschte Extraktions- und Geschmacksergebnis f\u00fcr Ihren perfekten Kaffeegenuss<\/li>\n<li>Verbessern Sie Ihr Kaffeeerlebnis: Sage bringt Innovation in Ihre K\u00fcche und vereinfacht den Weg zur perfekten Tasse. Von Caf\u00e9-Favoriten bis hin zu individuell zubereiteten Kaffeespezialit\u00e4ten<\/li>\n<\/ul>\n<p><strong>Product Information<\/strong><\/p>\n<ul>\n<table style=\"margin-bottom:20px\">\n<tbody>\n<tr>\n<td><strong>Besondere Eigenschaften<\/strong><\/td>\n<td>Coffee Grinder<\/td>\n<\/tr>\n<tr>\n<td><strong>Kaffeemaschinentyp<\/strong><\/td>\n<td>Espressomaschine<\/td>\n<\/tr>\n<tr>\n<td><strong>Bestimmte Nutzungsm\u00f6gl. des Produkts<\/strong><\/td>\n<td>Espresso<\/td>\n<\/tr>\n<tr>\n<td><strong>Empfohlene Verw.bereiche f\u00fcr Produkt<\/strong><\/td>\n<td>Reisen<\/td>\n<\/tr>\n<tr>\n<td><strong>Betriebsmodus<\/strong><\/td>\n<td>Halbautomatisch<\/td>\n<\/tr>\n<tr>\n<td><strong>Wattzahl<\/strong><\/td>\n<td>1850 Watt<\/td>\n<\/tr>\n<tr>\n<td><strong>Spannung<\/strong><\/td>\n<td>240 Volt<\/td>\n<\/tr>\n<tr>\n<td><strong>Eingabe \u00fcber Benutzeroberfl\u00e4che<\/strong><\/td>\n<td>Tasten<\/td>\n<\/tr>\n<tr>\n<td><strong>Geeigneter Kaffeeetyp<\/strong><\/td>\n<td>whole_beans<\/td>\n<\/tr>\n<tr>\n<td><strong>Energiequelle<\/strong><\/td>\n<td>AC-Adapter<\/td>\n<\/tr>\n<tr>\n<td><strong>Filtertyp<\/strong><\/td>\n<td>Wiederverwendbar<\/td>\n<\/tr>\n<tr>\n<td><strong>Kapazit\u00e4t<\/strong><\/td>\n<td>480 Milliliter<\/td>\n<\/tr>\n<tr>\n<td><strong>Artikel Abmessungen T x B x H<\/strong><\/td>\n<td>41T x 33B x 38H cm<\/td>\n<\/tr>\n<tr>\n<td><strong>Artikelgewicht<\/strong><\/td>\n<td>13,5 Kilogramm<\/td>\n<\/tr>\n<tr>\n<td><strong>Anzahl der Artikel<\/strong><\/td>\n<td>1<\/td>\n<\/tr>\n<tr>\n<td><strong>Anzahl von Einheiten<\/strong><\/td>\n<td>1.0 st\u00fcck<\/td>\n<\/tr>\n<tr>\n<td><strong>Kaffeefiltergr\u00f6\u00dfe<\/strong><\/td>\n<td>#4<\/td>\n<\/tr>\n<tr>\n<td><strong>Markenname<\/strong><\/td>\n<td>Sage<\/td>\n<\/tr>\n<tr>\n<td><strong>Ursprungsland<\/strong><\/td>\n<td>China<\/td>\n<\/tr>\n<tr>\n<td><strong>Enthaltene Komponenten<\/strong><\/td>\n<td>Milchaufsch\u00e4umer, Tamperhilfe<\/td>\n<\/tr>\n<tr>\n<td><strong>Modellname<\/strong><\/td>\n<td>SES876BSS4EEU1<\/td>\n<\/tr>\n<tr>\n<td><strong>Modellnummer<\/strong><\/td>\n<td>SES876BSS4EEU1<\/td>\n<\/tr>\n<tr>\n<td><strong>Hersteller<\/strong><\/td>\n<td>BRG Appliances<\/td>\n<\/tr>\n<tr>\n<td><strong>Teilenummer<\/strong><\/td>\n<td>SES876BSS4EEU1<\/td>\n<\/tr>\n<tr>\n<td><strong>Artikeltypbezeichnung<\/strong><\/td>\n<td>The Barista Express Impress<\/td>\n<\/tr>\n<tr>\n<td><strong>Amazon Bestseller-Rang<\/strong><\/td>\n<td><\/td>\n<\/tr>\n<tr>\n<td><strong>ASIN<\/strong><\/td>\n<td>B0B3JFH9KH<\/td>\n<\/tr>\n<tr>\n<td><strong>Durchschnittliche Kundenbewertung<\/strong><\/td>\n<td><\/td>\n<\/tr>\n<tr>\n<td><strong>Farbe<\/strong><\/td>\n<td>Geb\u00fcrsteter Edelstahl<\/td>\n<\/tr>\n<tr>\n<td><strong>Stil<\/strong><\/td>\n<td>Unterst\u00fctztes Tampern<\/td>\n<\/tr>\n<tr>\n<td><strong>Material<\/strong><\/td>\n<td>Edelstahl<\/td>\n<\/tr>\n<tr>\n<td><strong>Au\u00dfenverkleidung<\/strong><\/td>\n<td>Epilierter Edelstahl<\/td>\n<\/tr>\n<tr>\n<td><strong>Ist sp\u00fclmaschinenfest<\/strong><\/td>\n<td>Nein<\/td>\n<\/tr>\n<\/tbody>\n<\/table>\n<\/ul>","protected":false},"excerpt":{"rendered":"<p>Product Overview Marke: Sage Kapazit\u00e4t: 480 Milliliter Farbe: Geb\u00fcrsteter Edelstahl Produktabmessungen: 41T x 33B x 38H cm Besonderes Merkmal: Coffee<\/p>","protected":false},"featured_media":31928,"comment_status":"open","ping_status":"closed","template":"","meta":[],"product_brand":[],"product_cat":[150,151,152],"product_tag":[],"class_list":{"0":"post-31776","1":"product","2":"type-product","3":"status-publish","4":"has-post-thumbnail","6":"product_cat-collection-1","7":"product_cat-collection-2","8":"product_cat-startseite","10":"first","11":"instock","12":"sale","13":"shipping-taxable","14":"purchasable","15":"product-type-variable"},"jetpack_sharing_enabled":true,"_links":{"self":[{"href":"https:\/\/rollcap.store\/en\/wp-json\/wp\/v2\/product\/31776","targetHints":{"allow":["GET"]}}],"collection":[{"href":"https:\/\/rollcap.store\/en\/wp-json\/wp\/v2\/product"}],"about":[{"href":"https:\/\/rollcap.store\/en\/wp-json\/wp\/v2\/types\/product"}],"replies":[{"embeddable":true,"href":"https:\/\/rollcap.store\/en\/wp-json\/wp\/v2\/comments?post=31776"}],"version-history":[{"count":0,"href":"https:\/\/rollcap.store\/en\/wp-json\/wp\/v2\/product\/31776\/revisions"}],"wp:featuredmedia":[{"embeddable":true,"href":"https:\/\/rollcap.store\/en\/wp-json\/wp\/v2\/media\/31928"}],"wp:attachment":[{"href":"https:\/\/rollcap.store\/en\/wp-json\/wp\/v2\/media?parent=31776"}],"wp:term":[{"taxonomy":"product_brand","embeddable":true,"href":"https:\/\/rollcap.store\/en\/wp-json\/wp\/v2\/product_brand?post=31776"},{"taxonomy":"product_cat","embeddable":true,"href":"https:\/\/rollcap.store\/en\/wp-json\/wp\/v2\/product_cat?post=31776"},{"taxonomy":"product_tag","embeddable":true,"href":"https:\/\/rollcap.store\/en\/wp-json\/wp\/v2\/product_tag?post=31776"}],"curies":[{"name":"wp","href":"https:\/\/api.w.org\/{rel}","templated":true}]}}