{"id":31783,"date":"2026-04-09T16:30:35","date_gmt":"2026-04-09T16:30:35","guid":{"rendered":"https:\/\/rollcap.store\/product\/sage-the-barista-express-kaffeemaschine-mit-manuellem-milchaufschaumer-mahlwerk-automatisches-mahlen-individueller-milchschaum-schwarzer-sesam-milchkannchen\/"},"modified":"2026-04-09T16:44:28","modified_gmt":"2026-04-09T16:44:28","slug":"sage-the-barista-express-kaffeemaschine-mit-manuellem-milchaufschaumer-mahlwerk-automatisches-mahlen-individueller-milchschaum-schwarzer-sesam-milchkannchen","status":"publish","type":"product","link":"https:\/\/rollcap.store\/en\/product\/sage-the-barista-express-kaffeemaschine-mit-manuellem-milchaufschaumer-mahlwerk-automatisches-mahlen-individueller-milchschaum-schwarzer-sesam-milchkannchen\/","title":{"rendered":"Sage Barista Express Kaffeemaschine, Mahlwerk, manueller Milchaufsch\u00e4umer, Milchk\u00e4nnchen, Schwarzer Sesam"},"content":{"rendered":"<p><strong>Product Overview<\/strong><\/p>\n<ul>\n<li>\n<strong>Marke:<\/strong> Sage<\/li>\n<li>\n<strong>Kapazit\u00e4t:<\/strong> 340 Gramm<\/li>\n<li>\n<strong>Farbe:<\/strong> Schwarzer Sesam &#8211; Glanz<\/li>\n<li>\n<strong>Produktabmessungen:<\/strong> 41T x 41B x 45H cm<\/li>\n<li>\n<strong>Besonderes Merkmal:<\/strong> Coffee Grinder<\/li>\n<\/ul>\n<p><strong>Product Features<\/strong><\/p>\n<ul>\n<li>Besserer Kaffee: Erleben Sie pr\u00e4zisen Kaffee mit der Sage Barista Express Siebtr\u00e4germaschine, die Pr\u00e4zisionstechnik und Innovation nahtlos zu einem transformativen Espresso-Erlebnis f\u00fcr zu Hause verbindet<\/li>\n<li>Integriertes Pr\u00e4zisionsmahlwerk: Das integrierte Mahlwerk mit 16 Mahlgradeinstellungen liefert die richtige Menge frisch gemahlenen Kaffees direkt in den Siebtr\u00e4ger und sorgt f\u00fcr maximalen Geschmack in jeder Tasse<\/li>\n<li>Optimale Temperatur: Die pr\u00e4zise Wassertemperatur von 93\u00b0C in Verbindung mit der Vorbr\u00fchung mit niedrigem Druck, bei der der Druck allm\u00e4hlich erh\u00f6ht wird, sorgt f\u00fcr eine gleichm\u00e4\u00dfige Verteilung der Aromen und damit f\u00fcr einen cremigen Espresso<\/li>\n<li>Manueller Milchaufsch\u00e4umer: \u00dcbernehmen Sie die Kontrolle \u00fcber den Milchaufsch\u00e4umungsprozess mit dem leistungsstarken Dampfstab. Zaubern Sie glatten Mikroschaum mit einer k\u00f6stlichen, seidigen Textur &#8211; ideal f\u00fcr Latte Art<\/li>\n<li>Verbessern Sie Ihr Kaffeeerlebnis: Sage bringt Innovation in Ihre K\u00fcche und vereinfacht den Weg zur perfekten Tasse. Von Caf\u00e9-Favoriten bis hin zu individuell zubereiteten Kaffeespezialit\u00e4ten<\/li>\n<\/ul>\n<p><strong>Product Information<\/strong><\/p>\n<ul>\n<table style=\"margin-bottom:20px\">\n<tbody>\n<tr>\n<td><strong>Besondere Eigenschaften<\/strong><\/td>\n<td>Coffee Grinder<\/td>\n<\/tr>\n<tr>\n<td><strong>Kaffeemaschinentyp<\/strong><\/td>\n<td>Espressomaschine<\/td>\n<\/tr>\n<tr>\n<td><strong>Bestimmte Nutzungsm\u00f6gl. des Produkts<\/strong><\/td>\n<td>Cappuccino, Espresso, Lattee<\/td>\n<\/tr>\n<tr>\n<td><strong>Betriebsmodus<\/strong><\/td>\n<td>Halbautomatisch<\/td>\n<\/tr>\n<tr>\n<td><strong>Wattzahl<\/strong><\/td>\n<td>1850 Watt<\/td>\n<\/tr>\n<tr>\n<td><strong>Spannung<\/strong><\/td>\n<td>240 Volt<\/td>\n<\/tr>\n<tr>\n<td><strong>Geeigneter Kaffeeetyp<\/strong><\/td>\n<td>Whole bohne<\/td>\n<\/tr>\n<tr>\n<td><strong>Energiequelle<\/strong><\/td>\n<td>AC Adapter<\/td>\n<\/tr>\n<tr>\n<td><strong>Kapazit\u00e4t<\/strong><\/td>\n<td>340 Gramm<\/td>\n<\/tr>\n<tr>\n<td><strong>Artikel Abmessungen T x B x H<\/strong><\/td>\n<td>41T x 41B x 45H cm<\/td>\n<\/tr>\n<tr>\n<td><strong>Artikelgewicht<\/strong><\/td>\n<td>13,5 Kilogramm<\/td>\n<\/tr>\n<tr>\n<td><strong>Anzahl der Artikel<\/strong><\/td>\n<td>1<\/td>\n<\/tr>\n<tr>\n<td><strong>Anzahl von Einheiten<\/strong><\/td>\n<td>1.0 st\u00fcck<\/td>\n<\/tr>\n<tr>\n<td><strong>Material<\/strong><\/td>\n<td>Edelstahl<\/td>\n<\/tr>\n<tr>\n<td><strong>Ist sp\u00fclmaschinenfest<\/strong><\/td>\n<td>Nein<\/td>\n<\/tr>\n<tr>\n<td><strong>Markenname<\/strong><\/td>\n<td>Sage<\/td>\n<\/tr>\n<tr>\n<td><strong>Ursprungsland<\/strong><\/td>\n<td>China<\/td>\n<\/tr>\n<tr>\n<td><strong>Enthaltene Komponenten<\/strong><\/td>\n<td>Milchk\u00e4nnchen, Siebtr\u00e4ger, Reinigungsset<\/td>\n<\/tr>\n<tr>\n<td><strong>Modellname<\/strong><\/td>\n<td>SES870BKS2EEU1<\/td>\n<\/tr>\n<tr>\n<td><strong>Modellnummer<\/strong><\/td>\n<td>SES870BKS2EEU1<\/td>\n<\/tr>\n<tr>\n<td><strong>Hersteller<\/strong><\/td>\n<td>BRG Appliances<\/td>\n<\/tr>\n<tr>\n<td><strong>Teilenummer<\/strong><\/td>\n<td>SES870BKS2EEU1<\/td>\n<\/tr>\n<tr>\n<td><strong>Artikeltypbezeichnung<\/strong><\/td>\n<td>The Barista Express<\/td>\n<\/tr>\n<tr>\n<td><strong>Amazon Bestseller-Rang<\/strong><\/td>\n<td><\/td>\n<\/tr>\n<tr>\n<td><strong>ASIN<\/strong><\/td>\n<td>B0FBXB88N8<\/td>\n<\/tr>\n<tr>\n<td><strong>Durchschnittliche Kundenbewertung<\/strong><\/td>\n<td><\/td>\n<\/tr>\n<tr>\n<td><strong>Farbe<\/strong><\/td>\n<td>Schwarzer Sesam &#8211; Glanz<\/td>\n<\/tr>\n<tr>\n<td><strong>Stil<\/strong><\/td>\n<td>Milchk\u00e4nnchen<\/td>\n<\/tr>\n<\/tbody>\n<\/table>\n<\/ul>","protected":false},"excerpt":{"rendered":"<p>Product Overview Marke: Sage Kapazit\u00e4t: 340 Gramm Farbe: Schwarzer Sesam &#8211; Glanz Produktabmessungen: 41T x 41B x 45H cm Besonderes<\/p>","protected":false},"featured_media":31944,"comment_status":"open","ping_status":"closed","template":"","meta":[],"product_brand":[],"product_cat":[150,151,152],"product_tag":[],"class_list":{"0":"post-31783","1":"product","2":"type-product","3":"status-publish","4":"has-post-thumbnail","6":"product_cat-collection-1","7":"product_cat-collection-2","8":"product_cat-startseite","10":"first","11":"instock","12":"sale","13":"shipping-taxable","14":"purchasable","15":"product-type-variable"},"jetpack_sharing_enabled":true,"_links":{"self":[{"href":"https:\/\/rollcap.store\/en\/wp-json\/wp\/v2\/product\/31783","targetHints":{"allow":["GET"]}}],"collection":[{"href":"https:\/\/rollcap.store\/en\/wp-json\/wp\/v2\/product"}],"about":[{"href":"https:\/\/rollcap.store\/en\/wp-json\/wp\/v2\/types\/product"}],"replies":[{"embeddable":true,"href":"https:\/\/rollcap.store\/en\/wp-json\/wp\/v2\/comments?post=31783"}],"version-history":[{"count":0,"href":"https:\/\/rollcap.store\/en\/wp-json\/wp\/v2\/product\/31783\/revisions"}],"wp:featuredmedia":[{"embeddable":true,"href":"https:\/\/rollcap.store\/en\/wp-json\/wp\/v2\/media\/31944"}],"wp:attachment":[{"href":"https:\/\/rollcap.store\/en\/wp-json\/wp\/v2\/media?parent=31783"}],"wp:term":[{"taxonomy":"product_brand","embeddable":true,"href":"https:\/\/rollcap.store\/en\/wp-json\/wp\/v2\/product_brand?post=31783"},{"taxonomy":"product_cat","embeddable":true,"href":"https:\/\/rollcap.store\/en\/wp-json\/wp\/v2\/product_cat?post=31783"},{"taxonomy":"product_tag","embeddable":true,"href":"https:\/\/rollcap.store\/en\/wp-json\/wp\/v2\/product_tag?post=31783"}],"curies":[{"name":"wp","href":"https:\/\/api.w.org\/{rel}","templated":true}]}}