{"id":31794,"date":"2026-04-09T16:30:36","date_gmt":"2026-04-09T16:30:36","guid":{"rendered":"https:\/\/rollcap.store\/product\/sage-the-barista-touch-impress-kaffeemaschine-mit-automatischer-milchaufschaumung-integriertem-mahlwerk-cold-brew-funktion-intelligente-dosierung-assistiertes-tampern-gebursteter-edelstahl\/"},"modified":"2026-04-09T16:44:25","modified_gmt":"2026-04-09T16:44:25","slug":"sage-the-barista-touch-impress-kaffeemaschine-mit-automatischer-milchaufschaumung-integriertem-mahlwerk-cold-brew-funktion-intelligente-dosierung-assistiertes-tampern-gebursteter-edelstahl","status":"publish","type":"product","link":"https:\/\/rollcap.store\/en\/product\/sage-the-barista-touch-impress-kaffeemaschine-mit-automatischer-milchaufschaumung-integriertem-mahlwerk-cold-brew-funktion-intelligente-dosierung-assistiertes-tampern-gebursteter-edelstahl\/","title":{"rendered":"Sage Barista Touch Impress Kaffeemaschine, Mahlwerk, automatischer Milchaufsch\u00e4umer, Cold Brew, intelligente Dosierung, assistiertes Tampern, Edelstahl"},"content":{"rendered":"<p><strong>Product Overview<\/strong><\/p>\n<ul>\n<li>\n<strong>Marke:<\/strong> Sage<\/li>\n<li>\n<strong>Farbe:<\/strong> Geb\u00fcrsteter Edelstahl<\/li>\n<li>\n<strong>Produktabmessungen:<\/strong> 34,3T x 41,7B x 33,3H cm<\/li>\n<li>\n<strong>Besonderes Merkmal:<\/strong> Coffee Grinder<\/li>\n<li>\n<strong>Kaffeemaschinen-Typ:<\/strong> Espressomaschine<\/li>\n<\/ul>\n<p><strong>Product Features<\/strong><\/p>\n<ul>\n<li>Barista-Erfahrung mit Anleitung: Die Barista Touch Impress bietet eine schrittweise Barista-Anleitung, die eine pr\u00e4zise Extraktion und einen seidenweichen Mikroschaum gew\u00e4hrleistet. Genie\u00dfen Sie Espresso, Cappuchino oder Latte auf Barista-Niveau<\/li>\n<li>Cold Brew-Funktion: Jetzt mit Cold Brew-Funktion, mit der Sie m\u00fchelos erfrischenden Cold Brew-Kaffee zu Hause zubereiten k\u00f6nnen, was Ihre M\u00f6glichkeiten der Kaffeezubereitung erweitert<\/li>\n<li>Sofortige Erhitzung: Das ThermoJet-Heizsystem erm\u00f6glicht eine Aufheizzeit von nur 3 Sekunden und sorgt daf\u00fcr, dass Sie schneller als je zuvor von Ihren Lieblingskaffee erhalten<\/li>\n<li>Kaufen und registrieren Sie eine Sage Espresso- oder Kaffeemaschine und erhalten Sie 2 beutel frischer Bohnen von Deutschlands besten R\u00f6stereien<\/li>\n<li>Pr\u00e4zises Mahlen: Genie\u00dfen Sie 30 Mahlgradeinstellungen mit dem integrierten konischen Pr\u00e4zisionsmahlwerk aus geh\u00e4rtetem Stahl. Mit einem einzigen Knopfdruck erhalten Sie die richtige Kaffeemenge f\u00fcr maximalen Geschmack<\/li>\n<li>Verbessern Sie Ihr Kaffeeerlebnis: Sage bringt Innovation in Ihre K\u00fcche und vereinfacht den Weg zur perfekten Tasse. Von Caf\u00e9-Favoriten bis hin zu individuell zubereiteten Kaffeespezialit\u00e4ten<\/li>\n<\/ul>\n<p><strong>Product Information<\/strong><\/p>\n<ul>\n<table style=\"margin-bottom:20px\">\n<tbody>\n<tr>\n<td><strong>Besondere Eigenschaften<\/strong><\/td>\n<td>Coffee Grinder<\/td>\n<\/tr>\n<tr>\n<td><strong>Kaffeemaschinentyp<\/strong><\/td>\n<td>Espressomaschine<\/td>\n<\/tr>\n<tr>\n<td><strong>Bestimmte Nutzungsm\u00f6gl. des Produkts<\/strong><\/td>\n<td>Cappuccino, Eiskaffee, Lattee<\/td>\n<\/tr>\n<tr>\n<td><strong>Betriebsmodus<\/strong><\/td>\n<td>Fully Automatic<\/td>\n<\/tr>\n<tr>\n<td><strong>Wattzahl<\/strong><\/td>\n<td>1700 Watt<\/td>\n<\/tr>\n<tr>\n<td><strong>Spannung<\/strong><\/td>\n<td>240 Volt<\/td>\n<\/tr>\n<tr>\n<td><strong>Geeigneter Kaffeeetyp<\/strong><\/td>\n<td>Ganze Bohnen und Milch<\/td>\n<\/tr>\n<tr>\n<td><strong>Energiequelle<\/strong><\/td>\n<td>AC-Adapter<\/td>\n<\/tr>\n<tr>\n<td><strong>Artikel Abmessungen T x B x H<\/strong><\/td>\n<td>34,3T x 41,7B x 33,3H cm<\/td>\n<\/tr>\n<tr>\n<td><strong>Artikelgewicht<\/strong><\/td>\n<td>13,79 Kilogramm<\/td>\n<\/tr>\n<tr>\n<td><strong>Anzahl der Artikel<\/strong><\/td>\n<td>1<\/td>\n<\/tr>\n<tr>\n<td><strong>Anzahl von Einheiten<\/strong><\/td>\n<td>1.0 st\u00fcck<\/td>\n<\/tr>\n<tr>\n<td><strong>Material<\/strong><\/td>\n<td>Edelstahl<\/td>\n<\/tr>\n<tr>\n<td><strong>Ist sp\u00fclmaschinenfest<\/strong><\/td>\n<td>Nein<\/td>\n<\/tr>\n<tr>\n<td><strong>Markenname<\/strong><\/td>\n<td>Sage<\/td>\n<\/tr>\n<tr>\n<td><strong>Ursprungsland<\/strong><\/td>\n<td>China<\/td>\n<\/tr>\n<tr>\n<td><strong>Enthaltene Komponenten<\/strong><\/td>\n<td>Milchaufsch\u00e4umer<\/td>\n<\/tr>\n<tr>\n<td><strong>Modellname<\/strong><\/td>\n<td>SES882BSS4FEU1<\/td>\n<\/tr>\n<tr>\n<td><strong>Modellnummer<\/strong><\/td>\n<td>SES882BSS4FEU1<\/td>\n<\/tr>\n<tr>\n<td><strong>Hersteller<\/strong><\/td>\n<td>BRG Appliances<\/td>\n<\/tr>\n<tr>\n<td><strong>Teilenummer<\/strong><\/td>\n<td>SES882BSS4FEU1<\/td>\n<\/tr>\n<tr>\n<td><strong>Artikeltypbezeichnung<\/strong><\/td>\n<td>The Barista Touch Impress<\/td>\n<\/tr>\n<tr>\n<td><strong>Amazon Bestseller-Rang<\/strong><\/td>\n<td><\/td>\n<\/tr>\n<tr>\n<td><strong>ASIN<\/strong><\/td>\n<td>B0F24XB6XQ<\/td>\n<\/tr>\n<tr>\n<td><strong>Durchschnittliche Kundenbewertung<\/strong><\/td>\n<td><\/td>\n<\/tr>\n<tr>\n<td><strong>Farbe<\/strong><\/td>\n<td>Geb\u00fcrsteter Edelstahl<\/td>\n<\/tr>\n<tr>\n<td><strong>Stil<\/strong><\/td>\n<td>Mit Kaltbr\u00fchfunktion<\/td>\n<\/tr>\n<\/tbody>\n<\/table>\n<\/ul>","protected":false},"excerpt":{"rendered":"<p>Product Overview Marke: Sage Farbe: Geb\u00fcrsteter Edelstahl Produktabmessungen: 34,3T x 41,7B x 33,3H cm Besonderes Merkmal: Coffee Grinder Kaffeemaschinen-Typ: Espressomaschine<\/p>","protected":false},"featured_media":31984,"comment_status":"open","ping_status":"closed","template":"","meta":[],"product_brand":[],"product_cat":[150,151,152],"product_tag":[],"class_list":{"0":"post-31794","1":"product","2":"type-product","3":"status-publish","4":"has-post-thumbnail","6":"product_cat-collection-1","7":"product_cat-collection-2","8":"product_cat-startseite","10":"first","11":"instock","12":"sale","13":"shipping-taxable","14":"purchasable","15":"product-type-variable"},"jetpack_sharing_enabled":true,"_links":{"self":[{"href":"https:\/\/rollcap.store\/en\/wp-json\/wp\/v2\/product\/31794","targetHints":{"allow":["GET"]}}],"collection":[{"href":"https:\/\/rollcap.store\/en\/wp-json\/wp\/v2\/product"}],"about":[{"href":"https:\/\/rollcap.store\/en\/wp-json\/wp\/v2\/types\/product"}],"replies":[{"embeddable":true,"href":"https:\/\/rollcap.store\/en\/wp-json\/wp\/v2\/comments?post=31794"}],"version-history":[{"count":0,"href":"https:\/\/rollcap.store\/en\/wp-json\/wp\/v2\/product\/31794\/revisions"}],"wp:featuredmedia":[{"embeddable":true,"href":"https:\/\/rollcap.store\/en\/wp-json\/wp\/v2\/media\/31984"}],"wp:attachment":[{"href":"https:\/\/rollcap.store\/en\/wp-json\/wp\/v2\/media?parent=31794"}],"wp:term":[{"taxonomy":"product_brand","embeddable":true,"href":"https:\/\/rollcap.store\/en\/wp-json\/wp\/v2\/product_brand?post=31794"},{"taxonomy":"product_cat","embeddable":true,"href":"https:\/\/rollcap.store\/en\/wp-json\/wp\/v2\/product_cat?post=31794"},{"taxonomy":"product_tag","embeddable":true,"href":"https:\/\/rollcap.store\/en\/wp-json\/wp\/v2\/product_tag?post=31794"}],"curies":[{"name":"wp","href":"https:\/\/api.w.org\/{rel}","templated":true}]}}