{"id":31799,"date":"2026-04-09T16:30:37","date_gmt":"2026-04-09T16:30:37","guid":{"rendered":"https:\/\/rollcap.store\/product\/sage-nespresso-sne800bss-the-creatista-plus-kaffeekapselmaschine-geburstetes-edelstahl\/"},"modified":"2026-04-09T16:44:24","modified_gmt":"2026-04-09T16:44:24","slug":"sage-nespresso-sne800bss-the-creatista-plus-kaffeekapselmaschine-geburstetes-edelstahl","status":"publish","type":"product","link":"https:\/\/rollcap.store\/en\/product\/sage-nespresso-sne800bss-the-creatista-plus-kaffeekapselmaschine-geburstetes-edelstahl\/","title":{"rendered":"Sage Nespresso SNE800BSS the Creatista Plus Kaffeekapselmaschine, Geb\u00fcrstetes Edelstahl"},"content":{"rendered":"<p><strong>Product Overview<\/strong><\/p>\n<ul>\n<li>\n<strong>Marke:<\/strong> Sage<\/li>\n<li>\n<strong>Kapazit\u00e4t:<\/strong> 1,5 Liter<\/li>\n<li>\n<strong>Farbe:<\/strong> Brushed Stainless Steel<\/li>\n<li>\n<strong>Produktabmessungen:<\/strong> 40,8T x 17,1B x 31H cm<\/li>\n<li>\n<strong>Besonderes Merkmal:<\/strong> Inkl. Edelstahl-Milchkanne<\/li>\n<\/ul>\n<p><strong>Product Features<\/strong><\/p>\n<ul>\n<li>MIKROMILCHSCHAUM IN CAF\u00c9-QUALIT\u00c4T: Die geniale automatische Dampfd\u00fcse sorgt f\u00fcr die perfekte Konsistenz des Milchschaums in der Temperatur Ihrer Wahl f\u00fcr Ihre ganz pers\u00f6nliche Lieblingskaffeespezialit\u00e4t. Sie heizt innerhalb von 3 Sekunden auf und bietet 8 unterschiedliche Konsistenzstufen f\u00fcr Milchschaum und 11 Milchtemperatureinstellungen<\/li>\n<li>EINSTELLUNGEN: Br\u00fchen Sie verschiedene Optionen f\u00fcr Kaffee und Espresso auf Knopfdruck &#8211; Ristretto (0,5 oz.), Espresso (1,35 oz.), Lungo (5 oz.). Mit der Creatista Plus k\u00f6nnen Sie noch einen Schritt weiter gehen und komplexere Kaffeegetr\u00e4nke wie Flat White, Cappuccino und Latte Macchiatos herstellen<\/li>\n<li>AUTOMATISCHE REINIGUNGSFUNKTION: Der automatische Dampfstab reinigt sich selbst und sorgt f\u00fcr minimale Reinigung und mehr Zeit f\u00fcr den Genuss Ihres Lieblingskaffees<\/li>\n<li>ZUS\u00c4TZLICHE FUNKTION: Hochaufl\u00f6sendes TFT-LCD-Display<\/li>\n<li>KAPAZIT\u00c4T: Abnehmbarer Wassertank: 1,5 L, Probierbox mit Nespresso Kapseln<\/li>\n<\/ul>\n<p><strong>Product Information<\/strong><\/p>\n<ul>\n<table style=\"margin-bottom:20px\">\n<tbody>\n<tr>\n<td><strong>Besondere Eigenschaften<\/strong><\/td>\n<td>Inkl. Edelstahl-Milchkanne<\/td>\n<\/tr>\n<tr>\n<td><strong>Kaffeemaschinentyp<\/strong><\/td>\n<td>Espressomaschine<\/td>\n<\/tr>\n<tr>\n<td><strong>Bestimmte Nutzungsm\u00f6gl. des Produkts<\/strong><\/td>\n<td>cup_warmer, milk_frother<\/td>\n<\/tr>\n<tr>\n<td><strong>Empfohlene Verw.bereiche f\u00fcr Produkt<\/strong><\/td>\n<td>Reisen<\/td>\n<\/tr>\n<tr>\n<td><strong>Betriebsmodus<\/strong><\/td>\n<td>Vollautomatisch<\/td>\n<\/tr>\n<tr>\n<td><strong>Wattzahl<\/strong><\/td>\n<td>1600 Watt<\/td>\n<\/tr>\n<tr>\n<td><strong>Spannung<\/strong><\/td>\n<td>240 Volt<\/td>\n<\/tr>\n<tr>\n<td><strong>Eingabe \u00fcber Benutzeroberfl\u00e4che<\/strong><\/td>\n<td>Tasten<\/td>\n<\/tr>\n<tr>\n<td><strong>Geeigneter Kaffeeetyp<\/strong><\/td>\n<td>Kapseln<\/td>\n<\/tr>\n<tr>\n<td><strong>Energiequelle<\/strong><\/td>\n<td>Netzteil<\/td>\n<\/tr>\n<tr>\n<td><strong>Kompatible Kaffeepads<\/strong><\/td>\n<td>Nespresso Original<\/td>\n<\/tr>\n<tr>\n<td><strong>Filtertyp<\/strong><\/td>\n<td>Wiederverwendbar<\/td>\n<\/tr>\n<tr>\n<td><strong>Kapazit\u00e4t<\/strong><\/td>\n<td>1,5 Liter<\/td>\n<\/tr>\n<tr>\n<td><strong>Artikel Abmessungen T x B x H<\/strong><\/td>\n<td>40,8T x 17,1B x 31H cm<\/td>\n<\/tr>\n<tr>\n<td><strong>Artikelgewicht<\/strong><\/td>\n<td>7,32 Kilogramm<\/td>\n<\/tr>\n<tr>\n<td><strong>Anzahl der Artikel<\/strong><\/td>\n<td>1<\/td>\n<\/tr>\n<tr>\n<td><strong>Anzahl von Einheiten<\/strong><\/td>\n<td>1.0 st\u00fcck<\/td>\n<\/tr>\n<tr>\n<td><strong>Markenname<\/strong><\/td>\n<td>Sage<\/td>\n<\/tr>\n<tr>\n<td><strong>Ursprungsland<\/strong><\/td>\n<td>Tschechische Republik<\/td>\n<\/tr>\n<tr>\n<td><strong>Enthaltene Komponenten<\/strong><\/td>\n<td>Edelstahl-Milchkanne, Probierbox mit Nespresso Kapseln<\/td>\n<\/tr>\n<tr>\n<td><strong>Modellname<\/strong><\/td>\n<td>the Creatista Plus<\/td>\n<\/tr>\n<tr>\n<td><strong>Modellnummer<\/strong><\/td>\n<td>SNE800BBS<\/td>\n<\/tr>\n<tr>\n<td><strong>Verpackung<\/strong><\/td>\n<td>Standardverpackung<\/td>\n<\/tr>\n<tr>\n<td><strong>Global Trade Identification Number<\/strong><\/td>\n<td>09312432031097<\/td>\n<\/tr>\n<tr>\n<td><strong>Hersteller<\/strong><\/td>\n<td>Sage Appliances<\/td>\n<\/tr>\n<tr>\n<td><strong>Teilenummer<\/strong><\/td>\n<td>SNE800BSS4EEU1<\/td>\n<\/tr>\n<tr>\n<td><strong>Artikeltypbezeichnung<\/strong><\/td>\n<td>Nespressomaschine<\/td>\n<\/tr>\n<tr>\n<td><strong>Amazon Bestseller-Rang<\/strong><\/td>\n<td><\/td>\n<\/tr>\n<tr>\n<td><strong>ASIN<\/strong><\/td>\n<td>B07KR5MPWK<\/td>\n<\/tr>\n<tr>\n<td><strong>Durchschnittliche Kundenbewertung<\/strong><\/td>\n<td><\/td>\n<\/tr>\n<tr>\n<td><strong>Farbe<\/strong><\/td>\n<td>Brushed Stainless Steel<\/td>\n<\/tr>\n<tr>\n<td><strong>Stil<\/strong><\/td>\n<td>Mit TFT-Display<\/td>\n<\/tr>\n<tr>\n<td><strong>Material<\/strong><\/td>\n<td>Edelstahl<\/td>\n<\/tr>\n<tr>\n<td><strong>Ist sp\u00fclmaschinenfest<\/strong><\/td>\n<td>Nein<\/td>\n<\/tr>\n<\/tbody>\n<\/table>\n<\/ul>","protected":false},"excerpt":{"rendered":"<p>Product Overview Marke: Sage Kapazit\u00e4t: 1,5 Liter Farbe: Brushed Stainless Steel Produktabmessungen: 40,8T x 17,1B x 31H cm Besonderes Merkmal:<\/p>","protected":false},"featured_media":31981,"comment_status":"open","ping_status":"closed","template":"","meta":[],"product_brand":[],"product_cat":[150,151,152],"product_tag":[],"class_list":{"0":"post-31799","1":"product","2":"type-product","3":"status-publish","4":"has-post-thumbnail","6":"product_cat-collection-1","7":"product_cat-collection-2","8":"product_cat-startseite","10":"first","11":"instock","12":"sale","13":"shipping-taxable","14":"purchasable","15":"product-type-variable"},"jetpack_sharing_enabled":true,"_links":{"self":[{"href":"https:\/\/rollcap.store\/en\/wp-json\/wp\/v2\/product\/31799","targetHints":{"allow":["GET"]}}],"collection":[{"href":"https:\/\/rollcap.store\/en\/wp-json\/wp\/v2\/product"}],"about":[{"href":"https:\/\/rollcap.store\/en\/wp-json\/wp\/v2\/types\/product"}],"replies":[{"embeddable":true,"href":"https:\/\/rollcap.store\/en\/wp-json\/wp\/v2\/comments?post=31799"}],"version-history":[{"count":0,"href":"https:\/\/rollcap.store\/en\/wp-json\/wp\/v2\/product\/31799\/revisions"}],"wp:featuredmedia":[{"embeddable":true,"href":"https:\/\/rollcap.store\/en\/wp-json\/wp\/v2\/media\/31981"}],"wp:attachment":[{"href":"https:\/\/rollcap.store\/en\/wp-json\/wp\/v2\/media?parent=31799"}],"wp:term":[{"taxonomy":"product_brand","embeddable":true,"href":"https:\/\/rollcap.store\/en\/wp-json\/wp\/v2\/product_brand?post=31799"},{"taxonomy":"product_cat","embeddable":true,"href":"https:\/\/rollcap.store\/en\/wp-json\/wp\/v2\/product_cat?post=31799"},{"taxonomy":"product_tag","embeddable":true,"href":"https:\/\/rollcap.store\/en\/wp-json\/wp\/v2\/product_tag?post=31799"}],"curies":[{"name":"wp","href":"https:\/\/api.w.org\/{rel}","templated":true}]}}