{"id":31803,"date":"2026-04-09T16:30:38","date_gmt":"2026-04-09T16:30:38","guid":{"rendered":"https:\/\/rollcap.store\/product\/siemens-kaffeevollautomat-eq500-classic-farbiges-tft-display-5-kaffee-und-milchgetranke-doppeltassenfunktion-einfache-reinigung-entnehmbare-bruheinheit-mit-milchschlauch-schwarz-tp511e19\/"},"modified":"2026-04-09T16:30:38","modified_gmt":"2026-04-09T16:30:38","slug":"siemens-kaffeevollautomat-eq500-classic-farbiges-tft-display-5-kaffee-und-milchgetranke-doppeltassenfunktion-einfache-reinigung-entnehmbare-bruheinheit-mit-milchschlauch-schwarz-tp511e19","status":"publish","type":"product","link":"https:\/\/rollcap.store\/en\/product\/siemens-kaffeevollautomat-eq500-classic-farbiges-tft-display-5-kaffee-und-milchgetranke-doppeltassenfunktion-einfache-reinigung-entnehmbare-bruheinheit-mit-milchschlauch-schwarz-tp511e19\/","title":{"rendered":"Siemens EQ500 Classic TP511E19 Kaffeevollautomat, 5 Getr\u00e4nke, TFT-Display, Doppeltassenfunktion, Milchschlauch, Schwarz"},"content":{"rendered":"<p><strong>Product Overview<\/strong><\/p>\n<ul>\n<li>\n<strong>Marke:<\/strong> Siemens<\/li>\n<li>\n<strong>Kapazit\u00e4t:<\/strong> 1,9 Liter<\/li>\n<li>\n<strong>Farbe:<\/strong> Klavierlack Schwarz\/Schwarz<\/li>\n<li>\n<strong>Produktabmessungen:<\/strong> 44,8T x 26,5B x 37,3H cm<\/li>\n<li>\n<strong>Besonderes Merkmal:<\/strong> <\/li>\n<\/ul>\n<p><strong>Product Features<\/strong><\/p>\n<ul>\n<li>Intuitives coffeeSelect Display: Vollfarbdisplay mit beleuchteten Sensortasten und klarer Men\u00fcf\u00fchrung<\/li>\n<li>OneTouch f\u00fcr 2 Tassen: Mit der Doppeltassenfunktion lassen sich 2 Kaffees gleichzeitig auf Knopfdruck zubereiten<\/li>\n<li>aromaDouble Shot: Maximales Aroma durch doppelten Mahl- und Br\u00fchvorgang f\u00fcr Barista-Qualit\u00e4t zuhause<\/li>\n<li>Milchsystem leicht zu reinigen: Nach jedem Milchggetr\u00e4nk sorgt autoMilk Clean f\u00fcr eine automatische Dampfreinigung<\/li>\n<li>Lieferumfang: BRITA INTENZA Wasserfilter, Teststreifen zur Ermittlung des Wasserh\u00e4rtegrades, Milchschlauch<\/li>\n<\/ul>\n<p><strong>Product Information<\/strong><\/p>\n<ul>\n<table style=\"margin-bottom:20px\">\n<tbody>\n<tr>\n<td><strong>Besondere Eigenschaften<\/strong><\/td>\n<td>Auf Tastendruck Latte Macchiato, Cappuccino, Espresso, BRITA Intenza Wasserfilter, Mit Cappucinatore perfekter Milchschaum, aromaDouble Shot: Extra starker Kaffee, intuitive Bedienung, einfache Kaffee-Auswahl<\/td>\n<\/tr>\n<tr>\n<td><strong>Kaffeemaschinentyp<\/strong><\/td>\n<td>Espressomaschine<\/td>\n<\/tr>\n<tr>\n<td><strong>Betriebsmodus<\/strong><\/td>\n<td>Vollautomatisch<\/td>\n<\/tr>\n<tr>\n<td><strong>Wattzahl<\/strong><\/td>\n<td>1500 Watt<\/td>\n<\/tr>\n<tr>\n<td><strong>Spannung<\/strong><\/td>\n<td>28 Volt<\/td>\n<\/tr>\n<tr>\n<td><strong>Eingabe \u00fcber Benutzeroberfl\u00e4che<\/strong><\/td>\n<td>Tastenfeld<\/td>\n<\/tr>\n<tr>\n<td><strong>Geeigneter Kaffeeetyp<\/strong><\/td>\n<td>Ganze Bohne, Gemahlen<\/td>\n<\/tr>\n<tr>\n<td><strong>Filtertyp<\/strong><\/td>\n<td>Wiederverwendbar<\/td>\n<\/tr>\n<tr>\n<td><strong>Kapazit\u00e4t<\/strong><\/td>\n<td>1,9 Liter<\/td>\n<\/tr>\n<tr>\n<td><strong>Artikel Abmessungen T x B x H<\/strong><\/td>\n<td>44,8T x 26,5B x 37,3H cm<\/td>\n<\/tr>\n<tr>\n<td><strong>Artikelgewicht<\/strong><\/td>\n<td>8,3 Kilogramm<\/td>\n<\/tr>\n<tr>\n<td><strong>Anzahl der Artikel<\/strong><\/td>\n<td>1<\/td>\n<\/tr>\n<tr>\n<td><strong>Farbe<\/strong><\/td>\n<td>Klavierlack Schwarz\/Schwarz<\/td>\n<\/tr>\n<tr>\n<td><strong>Stil<\/strong><\/td>\n<td>ohne Home Connect<\/td>\n<\/tr>\n<tr>\n<td><strong>Markenname<\/strong><\/td>\n<td>Siemens<\/td>\n<\/tr>\n<tr>\n<td><strong>Ursprungsland<\/strong><\/td>\n<td>Slowenien<\/td>\n<\/tr>\n<tr>\n<td><strong>Enthaltene Komponenten<\/strong><\/td>\n<td>Milchsteigrohr, Teststreifen f. Wasserh\u00e4rtegrad-Bestimmung, Verbindungsschlauch zu Milchd\u00fcse, Wasserfilterpatrone BRITA INTENZA, Welcome-Box<\/td>\n<\/tr>\n<tr>\n<td><strong>Modellname<\/strong><\/td>\n<td>EQ500 classic<\/td>\n<\/tr>\n<tr>\n<td><strong>Modellnummer<\/strong><\/td>\n<td>TP511E19<\/td>\n<\/tr>\n<tr>\n<td><strong>Verpackung<\/strong><\/td>\n<td>Karton<\/td>\n<\/tr>\n<tr>\n<td><strong>Herstellungsjahr<\/strong><\/td>\n<td>2025<\/td>\n<\/tr>\n<tr>\n<td><strong>Hersteller<\/strong><\/td>\n<td>Siemens<\/td>\n<\/tr>\n<tr>\n<td><strong>Teilenummer<\/strong><\/td>\n<td>TP511E19<\/td>\n<\/tr>\n<tr>\n<td><strong>Artikeltypbezeichnung<\/strong><\/td>\n<td>Kaffeevollautomat<\/td>\n<\/tr>\n<tr>\n<td><strong>Amazon Bestseller-Rang<\/strong><\/td>\n<td><\/td>\n<\/tr>\n<tr>\n<td><strong>ASIN<\/strong><\/td>\n<td>B0F4RFCH4P<\/td>\n<\/tr>\n<tr>\n<td><strong>Durchschnittliche Kundenbewertung<\/strong><\/td>\n<td><\/td>\n<\/tr>\n<tr>\n<td><strong>Material<\/strong><\/td>\n<td>Kunststoff<\/td>\n<\/tr>\n<tr>\n<td><strong>Au\u00dfenverkleidung<\/strong><\/td>\n<td>Metallisch<\/td>\n<\/tr>\n<tr>\n<td><strong>Ist sp\u00fclmaschinenfest<\/strong><\/td>\n<td>Nein<\/td>\n<\/tr>\n<\/tbody>\n<\/table>\n<\/ul>","protected":false},"excerpt":{"rendered":"<p>Product Overview Marke: Siemens Kapazit\u00e4t: 1,9 Liter Farbe: Klavierlack Schwarz\/Schwarz Produktabmessungen: 44,8T x 26,5B x 37,3H cm Besonderes Merkmal: Product<\/p>","protected":false},"featured_media":31975,"comment_status":"open","ping_status":"closed","template":"","meta":[],"product_brand":[],"product_cat":[150,151,152],"product_tag":[],"class_list":{"0":"post-31803","1":"product","2":"type-product","3":"status-publish","4":"has-post-thumbnail","6":"product_cat-collection-1","7":"product_cat-collection-2","8":"product_cat-startseite","10":"first","11":"instock","12":"sale","13":"shipping-taxable","14":"purchasable","15":"product-type-simple"},"jetpack_sharing_enabled":true,"_links":{"self":[{"href":"https:\/\/rollcap.store\/en\/wp-json\/wp\/v2\/product\/31803","targetHints":{"allow":["GET"]}}],"collection":[{"href":"https:\/\/rollcap.store\/en\/wp-json\/wp\/v2\/product"}],"about":[{"href":"https:\/\/rollcap.store\/en\/wp-json\/wp\/v2\/types\/product"}],"replies":[{"embeddable":true,"href":"https:\/\/rollcap.store\/en\/wp-json\/wp\/v2\/comments?post=31803"}],"version-history":[{"count":0,"href":"https:\/\/rollcap.store\/en\/wp-json\/wp\/v2\/product\/31803\/revisions"}],"wp:featuredmedia":[{"embeddable":true,"href":"https:\/\/rollcap.store\/en\/wp-json\/wp\/v2\/media\/31975"}],"wp:attachment":[{"href":"https:\/\/rollcap.store\/en\/wp-json\/wp\/v2\/media?parent=31803"}],"wp:term":[{"taxonomy":"product_brand","embeddable":true,"href":"https:\/\/rollcap.store\/en\/wp-json\/wp\/v2\/product_brand?post=31803"},{"taxonomy":"product_cat","embeddable":true,"href":"https:\/\/rollcap.store\/en\/wp-json\/wp\/v2\/product_cat?post=31803"},{"taxonomy":"product_tag","embeddable":true,"href":"https:\/\/rollcap.store\/en\/wp-json\/wp\/v2\/product_tag?post=31803"}],"curies":[{"name":"wp","href":"https:\/\/api.w.org\/{rel}","templated":true}]}}