{"id":31804,"date":"2026-04-09T16:30:38","date_gmt":"2026-04-09T16:30:38","guid":{"rendered":"https:\/\/rollcap.store\/product\/siemens-kaffeevollautomat-eq6-plus-s300-milchsystem-11-getranke-automatische-reinigung-des-milchsystems-keramikmahlwerk-grosses-touchdisplay-silber-te653501de\/"},"modified":"2026-04-09T16:44:21","modified_gmt":"2026-04-09T16:44:21","slug":"siemens-kaffeevollautomat-eq6-plus-s300-milchsystem-11-getranke-automatische-reinigung-des-milchsystems-keramikmahlwerk-grosses-touchdisplay-silber-te653501de","status":"publish","type":"product","link":"https:\/\/rollcap.store\/en\/product\/siemens-kaffeevollautomat-eq6-plus-s300-milchsystem-11-getranke-automatische-reinigung-des-milchsystems-keramikmahlwerk-grosses-touchdisplay-silber-te653501de\/","title":{"rendered":"Siemens EQ6 Plus S300 Kaffeevollautomat, 11 Getr\u00e4nke, Keramikmahlwerk, automatische Milchsystemreinigung, Touchdisplay, Silber"},"content":{"rendered":"<p><strong>Product Overview<\/strong><\/p>\n<ul>\n<li>\n<strong>Marke:<\/strong> Siemens<\/li>\n<li>\n<strong>Kapazit\u00e4t:<\/strong> 1,7 Liter<\/li>\n<li>\n<strong>Farbe:<\/strong> Silber, Grau<\/li>\n<li>\n<strong>Produktabmessungen:<\/strong> 46,5T x 28B x 38,5H cm<\/li>\n<li>\n<strong>Besonderes Merkmal:<\/strong> <\/li>\n<\/ul>\n<p><strong>Product Features<\/strong><\/p>\n<ul>\n<li>Einfache Bedienung: Kaffee- oder Milchgetr\u00e4nke lassen sich bequem \u00fcber das gro\u00dfe Touchdisplay ausw\u00e4hlen<\/li>\n<li>Automatische Milchsystem-Reinigung: Nach jedem milchbasierten Getr\u00e4nk wird das Milchsystem automatisch mit hei\u00dfem Dampf gereinigt<\/li>\n<li>2 Tassen gleichzeitig: Ob kr\u00e4ftiger Espresso, aromatischer Kaffee oder milder Americano, alle Spezialit\u00e4ten k\u00f6nnen parallel zubereitet werden<\/li>\n<li>Pers\u00f6nlicher Genuss auf Knopfdruck: Individuell eingestellte Kaffee- und Milchgetr\u00e4nke k\u00f6nnen als Favoriten gespeichert werden<\/li>\n<li>Intensives Kaffeearoma: 2 Mahl- und Br\u00fchzyklen sorgen f\u00fcr besonders intensiven, aromatischen Kaffeegenuss<\/li>\n<\/ul>\n<p><strong>Product Information<\/strong><\/p>\n<ul>\n<table style=\"margin-bottom:20px\">\n<tbody>\n<tr>\n<td><strong>Besondere Eigenschaften<\/strong><\/td>\n<td>Abspeicherung von Favoriten, Doppeltassenbezug, Internationale Kaffeespezialit\u00e4ten auf Knopfdruck, Kaffeeauslauf h\u00f6henverstellbar, Keramikmahlwerk, Wasserfilter, automatisches Reinigungs- und Entkalkungsprogramm, entnehmbare Br\u00fcheinheit, farbiges, intuitives LCD-Display, flexible Milchl\u00f6sung, intensiveres Aroma durch doppelten Mahl- und Br\u00fchvorgang<\/td>\n<\/tr>\n<tr>\n<td><strong>Kaffeemaschinentyp<\/strong><\/td>\n<td>Espressomaschine<\/td>\n<\/tr>\n<tr>\n<td><strong>Bestimmte Nutzungsm\u00f6gl. des Produkts<\/strong><\/td>\n<td>cup_warmer, integrated_coffee_grinder, milk_frother, programmierbar, water_filter<\/td>\n<\/tr>\n<tr>\n<td><strong>Empfohlene Verw.bereiche f\u00fcr Produkt<\/strong><\/td>\n<td>Reisen<\/td>\n<\/tr>\n<tr>\n<td><strong>Betriebsmodus<\/strong><\/td>\n<td>fully_automatic<\/td>\n<\/tr>\n<tr>\n<td><strong>Wattzahl<\/strong><\/td>\n<td>1500 Watt<\/td>\n<\/tr>\n<tr>\n<td><strong>Spannung<\/strong><\/td>\n<td>230 Volt<\/td>\n<\/tr>\n<tr>\n<td><strong>Eingabe \u00fcber Benutzeroberfl\u00e4che<\/strong><\/td>\n<td>Touchscreen<\/td>\n<\/tr>\n<tr>\n<td><strong>Anzeigetyp<\/strong><\/td>\n<td>Touchscreen<\/td>\n<\/tr>\n<tr>\n<td><strong>Geeigneter Kaffeeetyp<\/strong><\/td>\n<td>Ganze Bohne<\/td>\n<\/tr>\n<tr>\n<td><strong>Filtertyp<\/strong><\/td>\n<td>Wiederverwendbar<\/td>\n<\/tr>\n<tr>\n<td><strong>Kapazit\u00e4t<\/strong><\/td>\n<td>1,7 Liter<\/td>\n<\/tr>\n<tr>\n<td><strong>Artikel Abmessungen T x B x H<\/strong><\/td>\n<td>46,5T x 28B x 38,5H cm<\/td>\n<\/tr>\n<tr>\n<td><strong>Artikelgewicht<\/strong><\/td>\n<td>8,3 Kilogramm<\/td>\n<\/tr>\n<tr>\n<td><strong>Anzahl der Artikel<\/strong><\/td>\n<td>1<\/td>\n<\/tr>\n<tr>\n<td><strong>Anzahl von Einheiten<\/strong><\/td>\n<td>1.0 st\u00fcck<\/td>\n<\/tr>\n<tr>\n<td><strong>Material<\/strong><\/td>\n<td>Kunststoff<\/td>\n<\/tr>\n<tr>\n<td><strong>Markenname<\/strong><\/td>\n<td>Siemens<\/td>\n<\/tr>\n<tr>\n<td><strong>Enthaltene Komponenten<\/strong><\/td>\n<td>Kaffeevollautomat&#8217;Wasserfilter BRITA INTENZA&#8217;Messl\u00f6ffel&#8217;Teststreifen f. Wasserh\u00e4rtegrad-Bestimmung&#8217;Verbindungsschlauch zu Milchd\u00fcse&#8217;Milchsteigrohr<\/td>\n<\/tr>\n<tr>\n<td><strong>Modellname<\/strong><\/td>\n<td>EQ.6 plus s300<\/td>\n<\/tr>\n<tr>\n<td><strong>Modellnummer<\/strong><\/td>\n<td>TE653501DE<\/td>\n<\/tr>\n<tr>\n<td><strong>Verpackung<\/strong><\/td>\n<td>Standardverpackung<\/td>\n<\/tr>\n<tr>\n<td><strong>Herstellungsjahr<\/strong><\/td>\n<td>2019<\/td>\n<\/tr>\n<tr>\n<td><strong>Global Trade Identification Number<\/strong><\/td>\n<td>04242003803516<\/td>\n<\/tr>\n<tr>\n<td><strong>Hersteller<\/strong><\/td>\n<td>Siemens<\/td>\n<\/tr>\n<tr>\n<td><strong>Teilenummer<\/strong><\/td>\n<td>TE653501DE<\/td>\n<\/tr>\n<tr>\n<td><strong>Artikeltypbezeichnung<\/strong><\/td>\n<td>Kaffeevollautomat<\/td>\n<\/tr>\n<tr>\n<td><strong>Amazon Bestseller-Rang<\/strong><\/td>\n<td><\/td>\n<\/tr>\n<tr>\n<td><strong>ASIN<\/strong><\/td>\n<td>B074QGDYVB<\/td>\n<\/tr>\n<tr>\n<td><strong>Durchschnittliche Kundenbewertung<\/strong><\/td>\n<td><\/td>\n<\/tr>\n<tr>\n<td><strong>Farbe<\/strong><\/td>\n<td>Silber, Grau<\/td>\n<\/tr>\n<tr>\n<td><strong>Stil<\/strong><\/td>\n<td>Kaffeevollautomat<\/td>\n<\/tr>\n<\/tbody>\n<\/table>\n<\/ul>","protected":false},"excerpt":{"rendered":"<p>Product Overview Marke: Siemens Kapazit\u00e4t: 1,7 Liter Farbe: Silber, Grau Produktabmessungen: 46,5T x 28B x 38,5H cm Besonderes Merkmal: Product<\/p>","protected":false},"featured_media":31969,"comment_status":"open","ping_status":"closed","template":"","meta":[],"product_brand":[],"product_cat":[150,151,152],"product_tag":[],"class_list":{"0":"post-31804","1":"product","2":"type-product","3":"status-publish","4":"has-post-thumbnail","6":"product_cat-collection-1","7":"product_cat-collection-2","8":"product_cat-startseite","10":"first","11":"instock","12":"shipping-taxable","13":"purchasable","14":"product-type-variable"},"jetpack_sharing_enabled":true,"_links":{"self":[{"href":"https:\/\/rollcap.store\/en\/wp-json\/wp\/v2\/product\/31804","targetHints":{"allow":["GET"]}}],"collection":[{"href":"https:\/\/rollcap.store\/en\/wp-json\/wp\/v2\/product"}],"about":[{"href":"https:\/\/rollcap.store\/en\/wp-json\/wp\/v2\/types\/product"}],"replies":[{"embeddable":true,"href":"https:\/\/rollcap.store\/en\/wp-json\/wp\/v2\/comments?post=31804"}],"version-history":[{"count":0,"href":"https:\/\/rollcap.store\/en\/wp-json\/wp\/v2\/product\/31804\/revisions"}],"wp:featuredmedia":[{"embeddable":true,"href":"https:\/\/rollcap.store\/en\/wp-json\/wp\/v2\/media\/31969"}],"wp:attachment":[{"href":"https:\/\/rollcap.store\/en\/wp-json\/wp\/v2\/media?parent=31804"}],"wp:term":[{"taxonomy":"product_brand","embeddable":true,"href":"https:\/\/rollcap.store\/en\/wp-json\/wp\/v2\/product_brand?post=31804"},{"taxonomy":"product_cat","embeddable":true,"href":"https:\/\/rollcap.store\/en\/wp-json\/wp\/v2\/product_cat?post=31804"},{"taxonomy":"product_tag","embeddable":true,"href":"https:\/\/rollcap.store\/en\/wp-json\/wp\/v2\/product_tag?post=31804"}],"curies":[{"name":"wp","href":"https:\/\/api.w.org\/{rel}","templated":true}]}}