{"id":31806,"date":"2026-04-09T16:30:38","date_gmt":"2026-04-09T16:30:38","guid":{"rendered":"https:\/\/rollcap.store\/product\/siemens-kaffeevollautomat-eq700-classic-grosses-farbiges-tft-display-36-heiss-und-kaltgetranke-cold-brew-10-favoriten-2-tassen-funktion-steuerung-per-app-autom-reinigungsystem-silber-tp715e17\/"},"modified":"2026-04-09T16:44:20","modified_gmt":"2026-04-09T16:44:20","slug":"siemens-kaffeevollautomat-eq700-classic-grosses-farbiges-tft-display-36-heiss-und-kaltgetranke-cold-brew-10-favoriten-2-tassen-funktion-steuerung-per-app-autom-reinigungsystem-silber-tp715e17","status":"publish","type":"product","link":"https:\/\/rollcap.store\/en\/product\/siemens-kaffeevollautomat-eq700-classic-grosses-farbiges-tft-display-36-heiss-und-kaltgetranke-cold-brew-10-favoriten-2-tassen-funktion-steuerung-per-app-autom-reinigungsystem-silber-tp715e17\/","title":{"rendered":"Siemens EQ700 Classic TP715E17 Kaffeevollautomat, 36 Getr\u00e4nke, Cold Brew, TFT-Display, App-Steuerung, 10 Favoriten, Silber"},"content":{"rendered":"<p><strong>Product Overview<\/strong><\/p>\n<ul>\n<li>\n<strong>Marke:<\/strong> Siemens<\/li>\n<li>\n<strong>Kapazit\u00e4t:<\/strong> 2,4 Liter<\/li>\n<li>\n<strong>Farbe:<\/strong> Inox Silver Metallic<\/li>\n<li>\n<strong>Produktabmessungen:<\/strong> 46,7T x 30,9B x 38H cm<\/li>\n<li>\n<strong>Besonderes Merkmal:<\/strong> <\/li>\n<\/ul>\n<p><strong>Product Features<\/strong><\/p>\n<ul>\n<li>Full-Touch-Display f\u00fcr intuitive Bedienung: Das iSelect Display mit Touch &#038; Slide Funktion erm\u00f6glicht eine einfache Navigation durch das Men\u00fc und die individuelle Anpassung des Kaffees nach pers\u00f6nlichem Geschmack<\/li>\n<li>3 Aromaprofile zur Auswahl: Mit der aromaSelect Funktion l\u00e4sst sich zwischen mildem, ausgewogenem oder markantem Aroma w\u00e4hlen<\/li>\n<li>Pers\u00f6nliche Kaffeekreationen: Mit der Favoriten-Funktion k\u00f6nnen individuelle Vorlieben f\u00fcr Kaffee- und Milchspezialit\u00e4ten gespeichert und bis zu 10 Favoriteneinstellungen erstellt werden<\/li>\n<li>Bedienung \u00fcber Home Connect: Steuerung des Kaffeevollautomaten von \u00fcberall aus und Zugang zu 35 internationalen Kaffeespezialit\u00e4ten in der coffeeWorld, einschlie\u00dflich Cold Brew und Slow Brew<\/li>\n<li>Lieferumfang: aromaSelect, iAroma, Favoriten, intelligente St\u00e4rkeanpassung, autoMilk Clean, 5\u2018\u2018 iSelect Display, Home Connect, Cappuccinatore<\/li>\n<\/ul>\n<p><strong>Product Information<\/strong><\/p>\n<ul>\n<table style=\"margin-bottom:20px\">\n<tbody>\n<tr>\n<td><strong>Besondere Eigenschaften<\/strong><\/td>\n<td>3 Aroma-Einstellungen, 5\u201d TFT- Farbdisplay mit Touch und Slide Funktion, Bis zu 10 individuelle Kaffeekreationen speichern, Inklusive der k\u00fchlen Spezialit\u00e4ten: Cold Brew, Slow Brew,Cold Brew macchiato, automatische Dampfreinigung des Milchsystems nach jedem Getr\u00e4nk<\/td>\n<\/tr>\n<tr>\n<td><strong>Kaffeemaschinentyp<\/strong><\/td>\n<td>Espressomaschine<\/td>\n<\/tr>\n<tr>\n<td><strong>Betriebsmodus<\/strong><\/td>\n<td>Halbautomatisch<\/td>\n<\/tr>\n<tr>\n<td><strong>Wattzahl<\/strong><\/td>\n<td>1500 Wattstunden<\/td>\n<\/tr>\n<tr>\n<td><strong>Spannung<\/strong><\/td>\n<td>28 Volt<\/td>\n<\/tr>\n<tr>\n<td><strong>Eingabe \u00fcber Benutzeroberfl\u00e4che<\/strong><\/td>\n<td>Touchscreen<\/td>\n<\/tr>\n<tr>\n<td><strong>Geeigneter Kaffeeetyp<\/strong><\/td>\n<td>gefiltertes Wasser<\/td>\n<\/tr>\n<tr>\n<td><strong>Kapazit\u00e4t<\/strong><\/td>\n<td>2,4 Liter<\/td>\n<\/tr>\n<tr>\n<td><strong>Artikel Abmessungen T x B x H<\/strong><\/td>\n<td>46,7T x 30,9B x 38H cm<\/td>\n<\/tr>\n<tr>\n<td><strong>Artikelgewicht<\/strong><\/td>\n<td>10,3 Kilogramm<\/td>\n<\/tr>\n<tr>\n<td><strong>Anzahl der Artikel<\/strong><\/td>\n<td>1<\/td>\n<\/tr>\n<tr>\n<td><strong>Farbe<\/strong><\/td>\n<td>Inox Silver Metallic<\/td>\n<\/tr>\n<tr>\n<td><strong>Stil<\/strong><\/td>\n<td>ohne XL Getr\u00e4nke<\/td>\n<\/tr>\n<tr>\n<td><strong>Markenname<\/strong><\/td>\n<td>Siemens<\/td>\n<\/tr>\n<tr>\n<td><strong>Ursprungsland<\/strong><\/td>\n<td>Slowenien<\/td>\n<\/tr>\n<tr>\n<td><strong>Enthaltene Komponenten<\/strong><\/td>\n<td>Milchsteigrohr, Teststreifen f. Wasserh\u00e4rtegrad-Bestimmung, Verbindungsschlauch zu Milchd\u00fcse, Wasserfilterpatrone BRITA INTENZA + Einsatzhilfe, Welcome-Box<\/td>\n<\/tr>\n<tr>\n<td><strong>Modellname<\/strong><\/td>\n<td>EQ700 classic<\/td>\n<\/tr>\n<tr>\n<td><strong>Modellnummer<\/strong><\/td>\n<td>TP715E17<\/td>\n<\/tr>\n<tr>\n<td><strong>Herstellungsjahr<\/strong><\/td>\n<td>2025<\/td>\n<\/tr>\n<tr>\n<td><strong>Hersteller<\/strong><\/td>\n<td>Siemens<\/td>\n<\/tr>\n<tr>\n<td><strong>Teilenummer<\/strong><\/td>\n<td>TP715E17<\/td>\n<\/tr>\n<tr>\n<td><strong>Artikeltypbezeichnung<\/strong><\/td>\n<td>Kaffeevollautomaten<\/td>\n<\/tr>\n<tr>\n<td><strong>Amazon Bestseller-Rang<\/strong><\/td>\n<td><\/td>\n<\/tr>\n<tr>\n<td><strong>ASIN<\/strong><\/td>\n<td>B0F4RFCGKZ<\/td>\n<\/tr>\n<tr>\n<td><strong>Durchschnittliche Kundenbewertung<\/strong><\/td>\n<td><\/td>\n<\/tr>\n<tr>\n<td><strong>Material<\/strong><\/td>\n<td>Kunststoff<\/td>\n<\/tr>\n<\/tbody>\n<\/table>\n<\/ul>","protected":false},"excerpt":{"rendered":"<p>Product Overview Marke: Siemens Kapazit\u00e4t: 2,4 Liter Farbe: Inox Silver Metallic Produktabmessungen: 46,7T x 30,9B x 38H cm Besonderes Merkmal:<\/p>","protected":false},"featured_media":31961,"comment_status":"open","ping_status":"closed","template":"","meta":[],"product_brand":[],"product_cat":[150,151,152],"product_tag":[],"class_list":{"0":"post-31806","1":"product","2":"type-product","3":"status-publish","4":"has-post-thumbnail","6":"product_cat-collection-1","7":"product_cat-collection-2","8":"product_cat-startseite","10":"first","11":"instock","12":"sale","13":"shipping-taxable","14":"purchasable","15":"product-type-variable"},"jetpack_sharing_enabled":true,"_links":{"self":[{"href":"https:\/\/rollcap.store\/en\/wp-json\/wp\/v2\/product\/31806","targetHints":{"allow":["GET"]}}],"collection":[{"href":"https:\/\/rollcap.store\/en\/wp-json\/wp\/v2\/product"}],"about":[{"href":"https:\/\/rollcap.store\/en\/wp-json\/wp\/v2\/types\/product"}],"replies":[{"embeddable":true,"href":"https:\/\/rollcap.store\/en\/wp-json\/wp\/v2\/comments?post=31806"}],"version-history":[{"count":0,"href":"https:\/\/rollcap.store\/en\/wp-json\/wp\/v2\/product\/31806\/revisions"}],"wp:featuredmedia":[{"embeddable":true,"href":"https:\/\/rollcap.store\/en\/wp-json\/wp\/v2\/media\/31961"}],"wp:attachment":[{"href":"https:\/\/rollcap.store\/en\/wp-json\/wp\/v2\/media?parent=31806"}],"wp:term":[{"taxonomy":"product_brand","embeddable":true,"href":"https:\/\/rollcap.store\/en\/wp-json\/wp\/v2\/product_brand?post=31806"},{"taxonomy":"product_cat","embeddable":true,"href":"https:\/\/rollcap.store\/en\/wp-json\/wp\/v2\/product_cat?post=31806"},{"taxonomy":"product_tag","embeddable":true,"href":"https:\/\/rollcap.store\/en\/wp-json\/wp\/v2\/product_tag?post=31806"}],"curies":[{"name":"wp","href":"https:\/\/api.w.org\/{rel}","templated":true}]}}